{"id":1281,"date":"2023-12-29T13:07:45","date_gmt":"2023-12-29T13:07:45","guid":{"rendered":"https:\/\/skog.pl\/?page_id=1281"},"modified":"2023-12-29T13:58:27","modified_gmt":"2023-12-29T13:58:27","slug":"mieszkanie-hollyfood-56-m2-lodz","status":"publish","type":"page","link":"https:\/\/skog.pl\/en\/mieszkanie-hollyfood-56-m2-lodz\/","title":{"rendered":"Mieszkanie Hollyfood (56 m2, \u0141\u00f3d\u017a)"},"content":{"rendered":"<p class=\"has-text-align-center\">Autor zdj\u0119\u0107: <strong>FOTOPLAN<\/strong><br><a href=\"https:\/\/www.facebook.com\/fotoplan.lodz\">https:\/\/www.facebook.com\/fotoplan.lodz<\/a><\/p>\n\n\n\n<div class=\"wp-block-dgwt-justified-gallery\">\n\t\t<style type=\"text\/css\">\n\t\t\t#gallery-1 {\n\t\t\t\tmargin: auto;\n\t\t\t}\n\t\t\t#gallery-1 .gallery-item {\n\t\t\t\tfloat: left;\n\t\t\t\tmargin-top: 10px;\n\t\t\t\ttext-align: center;\n\t\t\t\twidth: 33%;\n\t\t\t}\n\t\t\t#gallery-1 img {\n\t\t\t\tborder: 2px solid #cfcfcf;\n\t\t\t}\n\t\t\t#gallery-1 .gallery-caption {\n\t\t\t\tmargin-left: 0;\n\t\t\t}\n\t\t\t\/* see gallery_shortcode() in wp-includes\/media.php *\/\n\t\t<\/style>\n\t\t<div id='gallery-1' class='gallery galleryid-1281 gallery-columns-3 gallery-size-thumbnail'><dl class='gallery-item'>\n\t\t\t<dt class='gallery-icon landscape'>\n\t\t\t\t<a href='https:\/\/skog.pl\/en\/aub_1\/'><img loading=\"lazy\" decoding=\"async\" width=\"150\" height=\"150\" src=\"https:\/\/skog.pl\/wp-content\/uploads\/2023\/12\/AUB_1-150x150.jpg\" class=\"attachment-thumbnail size-thumbnail\" alt=\"Mieszkanie dla rodziny. Skog Interior design \u0141\u00f3d\u017a Poland. Projektowanie wn\u0119trz.\" aria-describedby=\"gallery-1-1251\" \/><\/a>\n\t\t\t<\/dt>\n\t\t\t\t<dd class='wp-caption-text gallery-caption' id='gallery-1-1251'>\n\t\t\t\tKuchnia\n\t\t\t\t<\/dd><\/dl><dl class='gallery-item'>\n\t\t\t<dt class='gallery-icon portrait'>\n\t\t\t\t<a href='https:\/\/skog.pl\/en\/aub_0349\/'><img loading=\"lazy\" decoding=\"async\" width=\"150\" height=\"150\" src=\"https:\/\/skog.pl\/wp-content\/uploads\/2023\/12\/AUB_0349-150x150.jpg\" class=\"attachment-thumbnail size-thumbnail\" alt=\"Mieszkanie dla rodziny. Skog Interior design \u0141\u00f3d\u017a Poland. Projektowanie wn\u0119trz.\" aria-describedby=\"gallery-1-1280\" \/><\/a>\n\t\t\t<\/dt>\n\t\t\t\t<dd class='wp-caption-text gallery-caption' id='gallery-1-1280'>\n\t\t\t\tKuchnia\n\t\t\t\t<\/dd><\/dl><dl class='gallery-item'>\n\t\t\t<dt class='gallery-icon portrait'>\n\t\t\t\t<a href='https:\/\/skog.pl\/en\/4-6\/'><img loading=\"lazy\" decoding=\"async\" width=\"150\" height=\"150\" src=\"https:\/\/skog.pl\/wp-content\/uploads\/2023\/12\/4-2-150x150.jpg\" class=\"attachment-thumbnail size-thumbnail\" alt=\"Mieszkanie dla rodziny. Skog Interior design \u0141\u00f3d\u017a Poland. Projektowanie wn\u0119trz.\" aria-describedby=\"gallery-1-1253\" \/><\/a>\n\t\t\t<\/dt>\n\t\t\t\t<dd class='wp-caption-text gallery-caption' id='gallery-1-1253'>\n\t\t\t\tKuchnia\n\t\t\t\t<\/dd><\/dl><br style=\"clear: both\" \/><dl class='gallery-item'>\n\t\t\t<dt class='gallery-icon portrait'>\n\t\t\t\t<a href='https:\/\/skog.pl\/en\/5-5\/'><img loading=\"lazy\" decoding=\"async\" width=\"150\" height=\"150\" src=\"https:\/\/skog.pl\/wp-content\/uploads\/2023\/12\/5-2-150x150.jpg\" class=\"attachment-thumbnail size-thumbnail\" alt=\"Mieszkanie dla rodziny. Skog Interior design \u0141\u00f3d\u017a Poland. Projektowanie wn\u0119trz.\" aria-describedby=\"gallery-1-1254\" \/><\/a>\n\t\t\t<\/dt>\n\t\t\t\t<dd class='wp-caption-text gallery-caption' id='gallery-1-1254'>\n\t\t\t\tKuchnia\n\t\t\t\t<\/dd><\/dl><dl class='gallery-item'>\n\t\t\t<dt class='gallery-icon landscape'>\n\t\t\t\t<a href='https:\/\/skog.pl\/en\/6-5\/'><img loading=\"lazy\" decoding=\"async\" width=\"150\" height=\"150\" src=\"https:\/\/skog.pl\/wp-content\/uploads\/2023\/12\/6-2-150x150.jpg\" class=\"attachment-thumbnail size-thumbnail\" alt=\"Mieszkanie dla rodziny. Skog Interior design \u0141\u00f3d\u017a Poland. Projektowanie wn\u0119trz.\" aria-describedby=\"gallery-1-1255\" \/><\/a>\n\t\t\t<\/dt>\n\t\t\t\t<dd class='wp-caption-text gallery-caption' id='gallery-1-1255'>\n\t\t\t\tKuchnia\n\t\t\t\t<\/dd><\/dl><dl class='gallery-item'>\n\t\t\t<dt class='gallery-icon portrait'>\n\t\t\t\t<a href='https:\/\/skog.pl\/en\/7-4\/'><img loading=\"lazy\" decoding=\"async\" width=\"150\" height=\"150\" src=\"https:\/\/skog.pl\/wp-content\/uploads\/2023\/12\/7-2-150x150.jpg\" class=\"attachment-thumbnail size-thumbnail\" alt=\"Mieszkanie dla rodziny. Skog Interior design \u0141\u00f3d\u017a Poland. Projektowanie wn\u0119trz.\" aria-describedby=\"gallery-1-1256\" \/><\/a>\n\t\t\t<\/dt>\n\t\t\t\t<dd class='wp-caption-text gallery-caption' id='gallery-1-1256'>\n\t\t\t\tKuchnia\n\t\t\t\t<\/dd><\/dl><br style=\"clear: both\" \/><dl class='gallery-item'>\n\t\t\t<dt class='gallery-icon portrait'>\n\t\t\t\t<a href='https:\/\/skog.pl\/en\/17-5\/'><img loading=\"lazy\" decoding=\"async\" width=\"150\" height=\"150\" src=\"https:\/\/skog.pl\/wp-content\/uploads\/2023\/12\/17-3-150x150.jpg\" class=\"attachment-thumbnail size-thumbnail\" alt=\"Mieszkanie dla rodziny. Skog Interior design \u0141\u00f3d\u017a Poland. Projektowanie wn\u0119trz.\" aria-describedby=\"gallery-1-1270\" \/><\/a>\n\t\t\t<\/dt>\n\t\t\t\t<dd class='wp-caption-text gallery-caption' id='gallery-1-1270'>\n\t\t\t\tSalon\n\t\t\t\t<\/dd><\/dl><dl class='gallery-item'>\n\t\t\t<dt class='gallery-icon landscape'>\n\t\t\t\t<a href='https:\/\/skog.pl\/en\/aub_16\/'><img loading=\"lazy\" decoding=\"async\" width=\"150\" height=\"150\" src=\"https:\/\/skog.pl\/wp-content\/uploads\/2023\/12\/AUB_16-150x150.jpg\" class=\"attachment-thumbnail size-thumbnail\" alt=\"Mieszkanie dla rodziny. Skog Interior design \u0141\u00f3d\u017a Poland. Projektowanie wn\u0119trz.\" aria-describedby=\"gallery-1-1274\" \/><\/a>\n\t\t\t<\/dt>\n\t\t\t\t<dd class='wp-caption-text gallery-caption' id='gallery-1-1274'>\n\t\t\t\tSalon\n\t\t\t\t<\/dd><\/dl><dl class='gallery-item'>\n\t\t\t<dt class='gallery-icon landscape'>\n\t\t\t\t<a href='https:\/\/skog.pl\/en\/aub_15a\/'><img loading=\"lazy\" decoding=\"async\" width=\"150\" height=\"150\" src=\"https:\/\/skog.pl\/wp-content\/uploads\/2023\/12\/AUB_15a-150x150.jpg\" class=\"attachment-thumbnail size-thumbnail\" alt=\"Mieszkanie dla rodziny. Skog Interior design \u0141\u00f3d\u017a Poland. Projektowanie wn\u0119trz.\" aria-describedby=\"gallery-1-1273\" \/><\/a>\n\t\t\t<\/dt>\n\t\t\t\t<dd class='wp-caption-text gallery-caption' id='gallery-1-1273'>\n\t\t\t\tSalon\n\t\t\t\t<\/dd><\/dl><br style=\"clear: both\" \/><dl class='gallery-item'>\n\t\t\t<dt class='gallery-icon portrait'>\n\t\t\t\t<a href='https:\/\/skog.pl\/en\/16-5\/'><img loading=\"lazy\" decoding=\"async\" width=\"150\" height=\"150\" src=\"https:\/\/skog.pl\/wp-content\/uploads\/2023\/12\/16-3-150x150.jpg\" class=\"attachment-thumbnail size-thumbnail\" alt=\"Mieszkanie dla rodziny. Skog Interior design \u0141\u00f3d\u017a Poland. Projektowanie wn\u0119trz.\" aria-describedby=\"gallery-1-1271\" \/><\/a>\n\t\t\t<\/dt>\n\t\t\t\t<dd class='wp-caption-text gallery-caption' id='gallery-1-1271'>\n\t\t\t\tSalon\n\t\t\t\t<\/dd><\/dl><dl class='gallery-item'>\n\t\t\t<dt class='gallery-icon portrait'>\n\t\t\t\t<a href='https:\/\/skog.pl\/en\/19-4\/'><img loading=\"lazy\" decoding=\"async\" width=\"150\" height=\"150\" src=\"https:\/\/skog.pl\/wp-content\/uploads\/2023\/12\/19-1-150x150.jpg\" class=\"attachment-thumbnail size-thumbnail\" alt=\"Mieszkanie dla rodziny. Skog Interior design \u0141\u00f3d\u017a Poland. Projektowanie wn\u0119trz.\" aria-describedby=\"gallery-1-1269\" \/><\/a>\n\t\t\t<\/dt>\n\t\t\t\t<dd class='wp-caption-text gallery-caption' id='gallery-1-1269'>\n\t\t\t\tSalon\n\t\t\t\t<\/dd><\/dl><dl class='gallery-item'>\n\t\t\t<dt class='gallery-icon portrait'>\n\t\t\t\t<a href='https:\/\/skog.pl\/en\/11-5\/'><img loading=\"lazy\" decoding=\"async\" width=\"150\" height=\"150\" src=\"https:\/\/skog.pl\/wp-content\/uploads\/2023\/12\/11-3-150x150.jpg\" class=\"attachment-thumbnail size-thumbnail\" alt=\"Mieszkanie dla rodziny. Skog Interior design \u0141\u00f3d\u017a Poland. Projektowanie wn\u0119trz.\" aria-describedby=\"gallery-1-1259\" \/><\/a>\n\t\t\t<\/dt>\n\t\t\t\t<dd class='wp-caption-text gallery-caption' id='gallery-1-1259'>\n\t\t\t\tPrzedpok\u00f3j\n\t\t\t\t<\/dd><\/dl><br style=\"clear: both\" \/><dl class='gallery-item'>\n\t\t\t<dt class='gallery-icon landscape'>\n\t\t\t\t<a href='https:\/\/skog.pl\/en\/12-4\/'><img loading=\"lazy\" decoding=\"async\" width=\"150\" height=\"150\" src=\"https:\/\/skog.pl\/wp-content\/uploads\/2023\/12\/12-2-150x150.jpg\" class=\"attachment-thumbnail size-thumbnail\" alt=\"Mieszkanie dla rodziny. Skog Interior design \u0141\u00f3d\u017a Poland. Projektowanie wn\u0119trz.\" aria-describedby=\"gallery-1-1260\" \/><\/a>\n\t\t\t<\/dt>\n\t\t\t\t<dd class='wp-caption-text gallery-caption' id='gallery-1-1260'>\n\t\t\t\t\u0141azienka\n\t\t\t\t<\/dd><\/dl><dl class='gallery-item'>\n\t\t\t<dt class='gallery-icon landscape'>\n\t\t\t\t<a href='https:\/\/skog.pl\/en\/13-5\/'><img loading=\"lazy\" decoding=\"async\" width=\"150\" height=\"150\" src=\"https:\/\/skog.pl\/wp-content\/uploads\/2023\/12\/13-3-150x150.jpg\" class=\"attachment-thumbnail size-thumbnail\" alt=\"Mieszkanie dla rodziny. Skog Interior design \u0141\u00f3d\u017a Poland. Projektowanie wn\u0119trz.\" aria-describedby=\"gallery-1-1261\" \/><\/a>\n\t\t\t<\/dt>\n\t\t\t\t<dd class='wp-caption-text gallery-caption' id='gallery-1-1261'>\n\t\t\t\t\u0141azienka\n\t\t\t\t<\/dd><\/dl><dl class='gallery-item'>\n\t\t\t<dt class='gallery-icon portrait'>\n\t\t\t\t<a href='https:\/\/skog.pl\/en\/14-4\/'><img loading=\"lazy\" decoding=\"async\" width=\"150\" height=\"150\" src=\"https:\/\/skog.pl\/wp-content\/uploads\/2023\/12\/14-2-150x150.jpg\" class=\"attachment-thumbnail size-thumbnail\" alt=\"Mieszkanie dla rodziny. Skog Interior design \u0141\u00f3d\u017a Poland. Projektowanie wn\u0119trz.\" aria-describedby=\"gallery-1-1262\" \/><\/a>\n\t\t\t<\/dt>\n\t\t\t\t<dd class='wp-caption-text gallery-caption' id='gallery-1-1262'>\n\t\t\t\t\u0141azienka\n\t\t\t\t<\/dd><\/dl><br style=\"clear: both\" \/><dl class='gallery-item'>\n\t\t\t<dt class='gallery-icon landscape'>\n\t\t\t\t<a href='https:\/\/skog.pl\/en\/9-4\/'><img loading=\"lazy\" decoding=\"async\" width=\"150\" height=\"150\" src=\"https:\/\/skog.pl\/wp-content\/uploads\/2023\/12\/9-2-150x150.jpg\" class=\"attachment-thumbnail size-thumbnail\" alt=\"Mieszkanie dla rodziny. Skog Interior design \u0141\u00f3d\u017a Poland. Projektowanie wn\u0119trz.\" aria-describedby=\"gallery-1-1257\" \/><\/a>\n\t\t\t<\/dt>\n\t\t\t\t<dd class='wp-caption-text gallery-caption' id='gallery-1-1257'>\n\t\t\t\tPrzedpok\u00f3j\n\t\t\t\t<\/dd><\/dl><dl class='gallery-item'>\n\t\t\t<dt class='gallery-icon portrait'>\n\t\t\t\t<a href='https:\/\/skog.pl\/en\/10-2\/'><img loading=\"lazy\" decoding=\"async\" width=\"150\" height=\"150\" src=\"https:\/\/skog.pl\/wp-content\/uploads\/2023\/12\/10-1-150x150.jpg\" class=\"attachment-thumbnail size-thumbnail\" alt=\"Mieszkanie dla rodziny. Skog Interior design \u0141\u00f3d\u017a Poland. Projektowanie wn\u0119trz.\" aria-describedby=\"gallery-1-1258\" \/><\/a>\n\t\t\t<\/dt>\n\t\t\t\t<dd class='wp-caption-text gallery-caption' id='gallery-1-1258'>\n\t\t\t\tPrzedpok\u00f3j\n\t\t\t\t<\/dd><\/dl><dl class='gallery-item'>\n\t\t\t<dt class='gallery-icon landscape'>\n\t\t\t\t<a href='https:\/\/skog.pl\/en\/aub_18\/'><img loading=\"lazy\" decoding=\"async\" width=\"150\" height=\"150\" src=\"https:\/\/skog.pl\/wp-content\/uploads\/2023\/12\/AUB_18-150x150.jpg\" class=\"attachment-thumbnail size-thumbnail\" alt=\"Mieszkanie dla rodziny. Skog Interior design \u0141\u00f3d\u017a Poland. Projektowanie wn\u0119trz.\" aria-describedby=\"gallery-1-1275\" \/><\/a>\n\t\t\t<\/dt>\n\t\t\t\t<dd class='wp-caption-text gallery-caption' id='gallery-1-1275'>\n\t\t\t\tPok\u00f3j dziecka\n\t\t\t\t<\/dd><\/dl><br style=\"clear: both\" \/><dl class='gallery-item'>\n\t\t\t<dt class='gallery-icon portrait'>\n\t\t\t\t<a href='https:\/\/skog.pl\/en\/aub_19a\/'><img loading=\"lazy\" decoding=\"async\" width=\"150\" height=\"150\" src=\"https:\/\/skog.pl\/wp-content\/uploads\/2023\/12\/AUB_19a-150x150.jpg\" class=\"attachment-thumbnail size-thumbnail\" alt=\"Mieszkanie dla rodziny. Skog Interior design \u0141\u00f3d\u017a Poland. Projektowanie wn\u0119trz.\" aria-describedby=\"gallery-1-1277\" \/><\/a>\n\t\t\t<\/dt>\n\t\t\t\t<dd class='wp-caption-text gallery-caption' id='gallery-1-1277'>\n\t\t\t\tPok\u00f3j dziecka\n\t\t\t\t<\/dd><\/dl><dl class='gallery-item'>\n\t\t\t<dt class='gallery-icon landscape'>\n\t\t\t\t<a href='https:\/\/skog.pl\/en\/aub_20\/'><img loading=\"lazy\" decoding=\"async\" width=\"150\" height=\"150\" src=\"https:\/\/skog.pl\/wp-content\/uploads\/2023\/12\/AUB_20-150x150.jpg\" class=\"attachment-thumbnail size-thumbnail\" alt=\"Mieszkanie dla rodziny. Skog Interior design \u0141\u00f3d\u017a Poland. Projektowanie wn\u0119trz.\" aria-describedby=\"gallery-1-1279\" \/><\/a>\n\t\t\t<\/dt>\n\t\t\t\t<dd class='wp-caption-text gallery-caption' id='gallery-1-1279'>\n\t\t\t\tPok\u00f3j dziecka\n\t\t\t\t<\/dd><\/dl><dl class='gallery-item'>\n\t\t\t<dt class='gallery-icon landscape'>\n\t\t\t\t<a href='https:\/\/skog.pl\/en\/21-2\/'><img loading=\"lazy\" decoding=\"async\" width=\"150\" height=\"150\" src=\"https:\/\/skog.pl\/wp-content\/uploads\/2023\/12\/21-150x150.jpg\" class=\"attachment-thumbnail size-thumbnail\" alt=\"Mieszkanie dla rodziny. Skog Interior design \u0141\u00f3d\u017a Poland. Projektowanie wn\u0119trz.\" aria-describedby=\"gallery-1-1267\" \/><\/a>\n\t\t\t<\/dt>\n\t\t\t\t<dd class='wp-caption-text gallery-caption' id='gallery-1-1267'>\n\t\t\t\tPok\u00f3j dziecka\n\t\t\t\t<\/dd><\/dl><br style=\"clear: both\" \/><dl class='gallery-item'>\n\t\t\t<dt class='gallery-icon landscape'>\n\t\t\t\t<a href='https:\/\/skog.pl\/en\/24-2\/'><img loading=\"lazy\" decoding=\"async\" width=\"150\" height=\"150\" src=\"https:\/\/skog.pl\/wp-content\/uploads\/2023\/12\/24-150x150.jpg\" class=\"attachment-thumbnail size-thumbnail\" alt=\"Mieszkanie dla rodziny. Skog Interior design \u0141\u00f3d\u017a Poland. Projektowanie wn\u0119trz.\" aria-describedby=\"gallery-1-1264\" \/><\/a>\n\t\t\t<\/dt>\n\t\t\t\t<dd class='wp-caption-text gallery-caption' id='gallery-1-1264'>\n\t\t\t\tPok\u00f3j dziecka\n\t\t\t\t<\/dd><\/dl><dl class='gallery-item'>\n\t\t\t<dt class='gallery-icon portrait'>\n\t\t\t\t<a href='https:\/\/skog.pl\/en\/aub_19b\/'><img loading=\"lazy\" decoding=\"async\" width=\"150\" height=\"150\" src=\"https:\/\/skog.pl\/wp-content\/uploads\/2023\/12\/AUB_19b-150x150.jpg\" class=\"attachment-thumbnail size-thumbnail\" alt=\"Mieszkanie dla rodziny. Skog Interior design \u0141\u00f3d\u017a Poland. Projektowanie wn\u0119trz.\" aria-describedby=\"gallery-1-1278\" \/><\/a>\n\t\t\t<\/dt>\n\t\t\t\t<dd class='wp-caption-text gallery-caption' id='gallery-1-1278'>\n\t\t\t\tPok\u00f3j dziecka\n\t\t\t\t<\/dd><\/dl>\n\t\t\t<br style='clear: both' \/>\n\t\t<\/div>\n<\/div>\n\n\n\n<p><\/p>","protected":false},"excerpt":{"rendered":"<p>Autor zdj\u0119\u0107: FOTOPLANhttps:\/\/www.facebook.com\/fotoplan.lodz<\/p>","protected":false},"author":2,"featured_media":1251,"parent":0,"menu_order":0,"comment_status":"closed","ping_status":"closed","template":"","meta":{"footnotes":""},"_links":{"self":[{"href":"https:\/\/skog.pl\/en\/wp-json\/wp\/v2\/pages\/1281"}],"collection":[{"href":"https:\/\/skog.pl\/en\/wp-json\/wp\/v2\/pages"}],"about":[{"href":"https:\/\/skog.pl\/en\/wp-json\/wp\/v2\/types\/page"}],"author":[{"embeddable":true,"href":"https:\/\/skog.pl\/en\/wp-json\/wp\/v2\/users\/2"}],"replies":[{"embeddable":true,"href":"https:\/\/skog.pl\/en\/wp-json\/wp\/v2\/comments?post=1281"}],"version-history":[{"count":5,"href":"https:\/\/skog.pl\/en\/wp-json\/wp\/v2\/pages\/1281\/revisions"}],"predecessor-version":[{"id":1293,"href":"https:\/\/skog.pl\/en\/wp-json\/wp\/v2\/pages\/1281\/revisions\/1293"}],"wp:featuredmedia":[{"embeddable":true,"href":"https:\/\/skog.pl\/en\/wp-json\/wp\/v2\/media\/1251"}],"wp:attachment":[{"href":"https:\/\/skog.pl\/en\/wp-json\/wp\/v2\/media?parent=1281"}],"curies":[{"name":"wp","href":"https:\/\/api.w.org\/{rel}","templated":true}]}}