{"id":14,"date":"2018-07-08T16:00:31","date_gmt":"2018-07-08T16:00:31","guid":{"rendered":"http:\/\/skog.pl\/?page_id=14"},"modified":"2023-12-29T12:43:50","modified_gmt":"2023-12-29T12:43:50","slug":"o-mnie","status":"publish","type":"page","link":"https:\/\/skog.pl\/en\/","title":{"rendered":"About me"},"content":{"rendered":"<p><img loading=\"lazy\" decoding=\"async\" class=\"size-large wp-image-860\" src=\"https:\/\/skog.pl\/wp-content\/uploads\/2022\/03\/skog_lucja_portret-1024x1024.jpg\" alt=\"\u0141ucja Zieli\u0144ska. Skog Interior design \u0141\u00f3d\u017a Poland. Projektowanie wn\u0119trz.\" width=\"740\" height=\"740\" srcset=\"https:\/\/skog.pl\/wp-content\/uploads\/2022\/03\/skog_lucja_portret-1024x1024.jpg 1024w, https:\/\/skog.pl\/wp-content\/uploads\/2022\/03\/skog_lucja_portret-150x150.jpg 150w, https:\/\/skog.pl\/wp-content\/uploads\/2022\/03\/skog_lucja_portret-300x300.jpg 300w, https:\/\/skog.pl\/wp-content\/uploads\/2022\/03\/skog_lucja_portret-768x768.jpg 768w, https:\/\/skog.pl\/wp-content\/uploads\/2022\/03\/skog_lucja_portret.jpg 1400w\" sizes=\"(max-width: 740px) 100vw, 740px\" \/><\/p>\n<p style=\"text-align: center;\"><strong>My name is \u0141ucja Zieli\u0144ska and SKOG is my interior design office.<\/strong><\/p>\n<p style=\"text-align: center;\">Jestem absolwentk\u0105 wydzia\u0142u Grafiki i Malarstwa oraz studi\u00f3w podyplomowych Architektury Wn\u0119trz i Wystawiennictwa na Akademii Sztuk Pi\u0119knych im. W\u0142adys\u0142awa Strzemi\u0144skiego w \u0141odzi.<\/p>\n<p style=\"text-align: center;\">Masz nowe mieszkanie lub dom? A mo\u017ce chcesz dokona\u0107 tylko niewielkiego remontu w swoich czterech k\u0105tach? Potrzebujesz konsultacji? Pisz lub dzwo\u0144! Porozmawiamy i zastanowimy si\u0119 razem jak stworzy\u0107 dla Ciebie odpowiedni\u0105 przestrze\u0144. Ustalimy harmonogram prac, wydatki, listy zakup\u00f3w oraz wszystkie pozosta\u0142e szczeg\u00f3\u0142y dotycz\u0105ce projektu. Zapewniam r\u00f3wnie\u017c wsparcie profesjonalnych i zaufanych ekip podwykonawc\u00f3w.<\/p>\n<p style=\"text-align: center;\">Wi\u0119cej szczeg\u00f3\u0142\u00f3w w zak\u0142adce &#8211; <strong>PRZEBIEG WSP\u00d3\u0141PRACY<\/strong>.<\/p>\n<table class=\"aligncenter\" style=\"width: 200px; height: 5px;\" cellspacing=\"0\" cellpadding=\"0\">\n<tbody>\n<tr>\n<td><\/td>\n<\/tr>\n<\/tbody>\n<\/table>","protected":false},"excerpt":{"rendered":"<p>Nazywam si\u0119 \u0141ucja Zieli\u0144ska, a SKOG, to moje studio projektowe. Jestem absolwentk\u0105 wydzia\u0142u Grafiki i Malarstwa oraz studi\u00f3w podyplomowych Architektury Wn\u0119trz i Wystawiennictwa na Akademii Sztuk Pi\u0119knych im. W\u0142adys\u0142awa Strzemi\u0144skiego w \u0141odzi. Masz nowe mieszkanie lub dom? A mo\u017ce chcesz dokona\u0107 tylko niewielkiego remontu w swoich czterech k\u0105tach? Potrzebujesz konsultacji? Pisz lub dzwo\u0144! Porozmawiamy i [&hellip;]<\/p>","protected":false},"author":1,"featured_media":0,"parent":0,"menu_order":0,"comment_status":"closed","ping_status":"closed","template":"","meta":{"footnotes":""},"_links":{"self":[{"href":"https:\/\/skog.pl\/en\/wp-json\/wp\/v2\/pages\/14"}],"collection":[{"href":"https:\/\/skog.pl\/en\/wp-json\/wp\/v2\/pages"}],"about":[{"href":"https:\/\/skog.pl\/en\/wp-json\/wp\/v2\/types\/page"}],"author":[{"embeddable":true,"href":"https:\/\/skog.pl\/en\/wp-json\/wp\/v2\/users\/1"}],"replies":[{"embeddable":true,"href":"https:\/\/skog.pl\/en\/wp-json\/wp\/v2\/comments?post=14"}],"version-history":[{"count":27,"href":"https:\/\/skog.pl\/en\/wp-json\/wp\/v2\/pages\/14\/revisions"}],"predecessor-version":[{"id":1219,"href":"https:\/\/skog.pl\/en\/wp-json\/wp\/v2\/pages\/14\/revisions\/1219"}],"wp:attachment":[{"href":"https:\/\/skog.pl\/en\/wp-json\/wp\/v2\/media?parent=14"}],"curies":[{"name":"wp","href":"https:\/\/api.w.org\/{rel}","templated":true}]}}