{"id":15,"date":"2018-07-08T16:00:31","date_gmt":"2018-07-08T16:00:31","guid":{"rendered":"http:\/\/skog.pl\/?page_id=15"},"modified":"2024-03-18T09:43:25","modified_gmt":"2024-03-18T09:43:25","slug":"kontakt","status":"publish","type":"page","link":"https:\/\/skog.pl\/en\/kontakt\/","title":{"rendered":"Contact"},"content":{"rendered":"<p style=\"text-align: center;\"><strong>SKOG<\/strong>\u00a0 biuro projektowe<br \/>\nGrzegorza Piramowicza 11\/13, 90-254 \u0141\u00f3d\u017a<br \/>\nVAT EU \/ NIP: PL 725 179 44 26<\/p>\n<p style=\"text-align: center;\">Let's work on space around you. Send me a message, text or call me.<br \/>\n+48 601 812 785<br \/>\n<a href=\"mailto:hello@skog.pl\">hello@skog.pl<\/a><br \/>\n<a href=\"https:\/\/www.instagram.com\/skog_interior_design\/\">Instagram<\/a><br \/>\n<a href=\"https:\/\/www.facebook.com\/skogpl\">Facebook<\/a><\/p>","protected":false},"excerpt":{"rendered":"<p>SKOG\u00a0 biuro projektowe Grzegorza Piramowicza 11\/13, 90-254 \u0141\u00f3d\u017a VAT EU \/ NIP: PL 725 179 44 26 Zapraszam do wsp\u00f3\u0142pracy. Zadzwo\u0144 lub napisz. +48 601 812 785 hello@skog.pl Instagram Facebook<\/p>","protected":false},"author":1,"featured_media":908,"parent":0,"menu_order":0,"comment_status":"closed","ping_status":"closed","template":"","meta":{"footnotes":""},"_links":{"self":[{"href":"https:\/\/skog.pl\/en\/wp-json\/wp\/v2\/pages\/15"}],"collection":[{"href":"https:\/\/skog.pl\/en\/wp-json\/wp\/v2\/pages"}],"about":[{"href":"https:\/\/skog.pl\/en\/wp-json\/wp\/v2\/types\/page"}],"author":[{"embeddable":true,"href":"https:\/\/skog.pl\/en\/wp-json\/wp\/v2\/users\/1"}],"replies":[{"embeddable":true,"href":"https:\/\/skog.pl\/en\/wp-json\/wp\/v2\/comments?post=15"}],"version-history":[{"count":9,"href":"https:\/\/skog.pl\/en\/wp-json\/wp\/v2\/pages\/15\/revisions"}],"predecessor-version":[{"id":1475,"href":"https:\/\/skog.pl\/en\/wp-json\/wp\/v2\/pages\/15\/revisions\/1475"}],"wp:featuredmedia":[{"embeddable":true,"href":"https:\/\/skog.pl\/en\/wp-json\/wp\/v2\/media\/908"}],"wp:attachment":[{"href":"https:\/\/skog.pl\/en\/wp-json\/wp\/v2\/media?parent=15"}],"curies":[{"name":"wp","href":"https:\/\/api.w.org\/{rel}","templated":true}]}}