{"id":480,"date":"2019-09-25T09:57:28","date_gmt":"2019-09-25T09:57:28","guid":{"rendered":"http:\/\/skog.pl\/?page_id=480"},"modified":"2023-12-29T13:38:38","modified_gmt":"2023-12-29T13:38:38","slug":"klasyczne-80m%c2%b2","status":"publish","type":"page","link":"https:\/\/skog.pl\/en\/klasyczne-80m%c2%b2\/","title":{"rendered":"Mieszkanie w klasycznym stylu dla rodziny trzyosobowej (80 m2, \u0141\u00f3d\u017a)"},"content":{"rendered":"<p class=\"has-text-align-center\">Autor zdj\u0119\u0107: <strong>FOTOPLAN<\/strong><br><a href=\"https:\/\/www.facebook.com\/fotoplan.lodz\">https:\/\/www.facebook.com\/fotoplan.lodz<\/a><\/p>\n\n\n\n\t\t<style type=\"text\/css\">\n\t\t\t#gallery-1 {\n\t\t\t\tmargin: auto;\n\t\t\t}\n\t\t\t#gallery-1 .gallery-item {\n\t\t\t\tfloat: left;\n\t\t\t\tmargin-top: 10px;\n\t\t\t\ttext-align: center;\n\t\t\t\twidth: 33%;\n\t\t\t}\n\t\t\t#gallery-1 img {\n\t\t\t\tborder: 2px solid #cfcfcf;\n\t\t\t}\n\t\t\t#gallery-1 .gallery-caption {\n\t\t\t\tmargin-left: 0;\n\t\t\t}\n\t\t\t\/* see gallery_shortcode() in wp-includes\/media.php *\/\n\t\t<\/style>\n\t\t<div id='gallery-1' class='gallery galleryid-480 gallery-columns-3 gallery-size-thumbnail'><dl class='gallery-item'>\n\t\t\t<dt class='gallery-icon portrait'>\n\t\t\t\t<a href='https:\/\/skog.pl\/en\/1-4\/'><img loading=\"lazy\" decoding=\"async\" width=\"150\" height=\"150\" src=\"https:\/\/skog.pl\/wp-content\/uploads\/2019\/09\/1-150x150.jpg\" class=\"attachment-thumbnail size-thumbnail\" alt=\"Mieszkanie dla trzyosobowej rodziny. Skog Interior design \u0141\u00f3d\u017a Poland. Projektowanie wn\u0119trz.\" aria-describedby=\"gallery-1-537\" \/><\/a>\n\t\t\t<\/dt>\n\t\t\t\t<dd class='wp-caption-text gallery-caption' id='gallery-1-537'>\n\t\t\t\tKuchnia\n\t\t\t\t<\/dd><\/dl><dl class='gallery-item'>\n\t\t\t<dt class='gallery-icon portrait'>\n\t\t\t\t<a href='https:\/\/skog.pl\/en\/3-4\/'><img loading=\"lazy\" decoding=\"async\" width=\"150\" height=\"150\" src=\"https:\/\/skog.pl\/wp-content\/uploads\/2019\/09\/3-150x150.jpg\" class=\"attachment-thumbnail size-thumbnail\" alt=\"Mieszkanie dla trzyosobowej rodziny. Skog Interior design \u0141\u00f3d\u017a Poland. Projektowanie wn\u0119trz.\" aria-describedby=\"gallery-1-539\" \/><\/a>\n\t\t\t<\/dt>\n\t\t\t\t<dd class='wp-caption-text gallery-caption' id='gallery-1-539'>\n\t\t\t\tKuchnia\n\t\t\t\t<\/dd><\/dl><dl class='gallery-item'>\n\t\t\t<dt class='gallery-icon portrait'>\n\t\t\t\t<a href='https:\/\/skog.pl\/en\/4-4\/'><img loading=\"lazy\" decoding=\"async\" width=\"150\" height=\"150\" src=\"https:\/\/skog.pl\/wp-content\/uploads\/2019\/09\/4-150x150.jpg\" class=\"attachment-thumbnail size-thumbnail\" alt=\"Mieszkanie dla trzyosobowej rodziny. Skog Interior design \u0141\u00f3d\u017a Poland. Projektowanie wn\u0119trz.\" aria-describedby=\"gallery-1-540\" \/><\/a>\n\t\t\t<\/dt>\n\t\t\t\t<dd class='wp-caption-text gallery-caption' id='gallery-1-540'>\n\t\t\t\tKuchnia\n\t\t\t\t<\/dd><\/dl><br style=\"clear: both\" \/><dl class='gallery-item'>\n\t\t\t<dt class='gallery-icon portrait'>\n\t\t\t\t<a href='https:\/\/skog.pl\/en\/6-3\/'><img loading=\"lazy\" decoding=\"async\" width=\"150\" height=\"150\" src=\"https:\/\/skog.pl\/wp-content\/uploads\/2019\/09\/6-150x150.jpg\" class=\"attachment-thumbnail size-thumbnail\" alt=\"Mieszkanie dla trzyosobowej rodziny. Skog Interior design \u0141\u00f3d\u017a Poland. Projektowanie wn\u0119trz.\" aria-describedby=\"gallery-1-542\" \/><\/a>\n\t\t\t<\/dt>\n\t\t\t\t<dd class='wp-caption-text gallery-caption' id='gallery-1-542'>\n\t\t\t\tKuchnia\n\t\t\t\t<\/dd><\/dl><dl class='gallery-item'>\n\t\t\t<dt class='gallery-icon landscape'>\n\t\t\t\t<a href='https:\/\/skog.pl\/en\/5-3\/'><img loading=\"lazy\" decoding=\"async\" width=\"150\" height=\"150\" src=\"https:\/\/skog.pl\/wp-content\/uploads\/2019\/09\/5-150x150.jpg\" class=\"attachment-thumbnail size-thumbnail\" alt=\"Mieszkanie dla trzyosobowej rodziny. Skog Interior design \u0141\u00f3d\u017a Poland. Projektowanie wn\u0119trz.\" aria-describedby=\"gallery-1-541\" \/><\/a>\n\t\t\t<\/dt>\n\t\t\t\t<dd class='wp-caption-text gallery-caption' id='gallery-1-541'>\n\t\t\t\tKuchnia\n\t\t\t\t<\/dd><\/dl><dl class='gallery-item'>\n\t\t\t<dt class='gallery-icon portrait'>\n\t\t\t\t<a href='https:\/\/skog.pl\/en\/9-3\/'><img loading=\"lazy\" decoding=\"async\" width=\"150\" height=\"150\" src=\"https:\/\/skog.pl\/wp-content\/uploads\/2019\/09\/9-150x150.jpg\" class=\"attachment-thumbnail size-thumbnail\" alt=\"Mieszkanie dla trzyosobowej rodziny. Skog Interior design \u0141\u00f3d\u017a Poland. Projektowanie wn\u0119trz.\" aria-describedby=\"gallery-1-545\" \/><\/a>\n\t\t\t<\/dt>\n\t\t\t\t<dd class='wp-caption-text gallery-caption' id='gallery-1-545'>\n\t\t\t\tSalon\n\t\t\t\t<\/dd><\/dl><br style=\"clear: both\" \/><dl class='gallery-item'>\n\t\t\t<dt class='gallery-icon portrait'>\n\t\t\t\t<a href='https:\/\/skog.pl\/en\/10-3\/'><img loading=\"lazy\" decoding=\"async\" width=\"150\" height=\"150\" src=\"https:\/\/skog.pl\/wp-content\/uploads\/2019\/09\/10-150x150.jpg\" class=\"attachment-thumbnail size-thumbnail\" alt=\"Mieszkanie dla trzyosobowej rodziny. Skog Interior design \u0141\u00f3d\u017a Poland. Projektowanie wn\u0119trz.\" aria-describedby=\"gallery-1-546\" \/><\/a>\n\t\t\t<\/dt>\n\t\t\t\t<dd class='wp-caption-text gallery-caption' id='gallery-1-546'>\n\t\t\t\tSalon\n\t\t\t\t<\/dd><\/dl><dl class='gallery-item'>\n\t\t\t<dt class='gallery-icon portrait'>\n\t\t\t\t<a href='https:\/\/skog.pl\/en\/11-2\/'><img loading=\"lazy\" decoding=\"async\" width=\"150\" height=\"150\" src=\"https:\/\/skog.pl\/wp-content\/uploads\/2019\/09\/11-150x150.jpg\" class=\"attachment-thumbnail size-thumbnail\" alt=\"Mieszkanie dla trzyosobowej rodziny. Skog Interior design \u0141\u00f3d\u017a Poland. Projektowanie wn\u0119trz.\" aria-describedby=\"gallery-1-547\" \/><\/a>\n\t\t\t<\/dt>\n\t\t\t\t<dd class='wp-caption-text gallery-caption' id='gallery-1-547'>\n\t\t\t\tPrzedpok\u00f3j\n\t\t\t\t<\/dd><\/dl><dl class='gallery-item'>\n\t\t\t<dt class='gallery-icon landscape'>\n\t\t\t\t<a href='https:\/\/skog.pl\/en\/11a-2\/'><img loading=\"lazy\" decoding=\"async\" width=\"150\" height=\"150\" src=\"https:\/\/skog.pl\/wp-content\/uploads\/2019\/09\/11a-150x150.jpg\" class=\"attachment-thumbnail size-thumbnail\" alt=\"Mieszkanie dla trzyosobowej rodziny. Skog Interior design \u0141\u00f3d\u017a Poland. Projektowanie wn\u0119trz.\" aria-describedby=\"gallery-1-548\" \/><\/a>\n\t\t\t<\/dt>\n\t\t\t\t<dd class='wp-caption-text gallery-caption' id='gallery-1-548'>\n\t\t\t\tPrzedpok\u00f3j\n\t\t\t\t<\/dd><\/dl><br style=\"clear: both\" \/><dl class='gallery-item'>\n\t\t\t<dt class='gallery-icon portrait'>\n\t\t\t\t<a href='https:\/\/skog.pl\/en\/18\/'><img loading=\"lazy\" decoding=\"async\" width=\"150\" height=\"150\" src=\"https:\/\/skog.pl\/wp-content\/uploads\/2019\/09\/18-150x150.jpg\" class=\"attachment-thumbnail size-thumbnail\" alt=\"Mieszkanie dla trzyosobowej rodziny. Skog Interior design \u0141\u00f3d\u017a Poland. Projektowanie wn\u0119trz.\" aria-describedby=\"gallery-1-556\" \/><\/a>\n\t\t\t<\/dt>\n\t\t\t\t<dd class='wp-caption-text gallery-caption' id='gallery-1-556'>\n\t\t\t\tSypialnia\n\t\t\t\t<\/dd><\/dl><dl class='gallery-item'>\n\t\t\t<dt class='gallery-icon landscape'>\n\t\t\t\t<a href='https:\/\/skog.pl\/en\/19a\/'><img loading=\"lazy\" decoding=\"async\" width=\"150\" height=\"150\" src=\"https:\/\/skog.pl\/wp-content\/uploads\/2019\/09\/19a-150x150.jpg\" class=\"attachment-thumbnail size-thumbnail\" alt=\"Mieszkanie dla trzyosobowej rodziny. Skog Interior design \u0141\u00f3d\u017a Poland. Projektowanie wn\u0119trz.\" aria-describedby=\"gallery-1-558\" \/><\/a>\n\t\t\t<\/dt>\n\t\t\t\t<dd class='wp-caption-text gallery-caption' id='gallery-1-558'>\n\t\t\t\tSypialnia\n\t\t\t\t<\/dd><\/dl><dl class='gallery-item'>\n\t\t\t<dt class='gallery-icon landscape'>\n\t\t\t\t<a href='https:\/\/skog.pl\/en\/19-2\/'><img loading=\"lazy\" decoding=\"async\" width=\"150\" height=\"150\" src=\"https:\/\/skog.pl\/wp-content\/uploads\/2019\/09\/19-150x150.jpg\" class=\"attachment-thumbnail size-thumbnail\" alt=\"Mieszkanie dla trzyosobowej rodziny. Skog Interior design \u0141\u00f3d\u017a Poland. Projektowanie wn\u0119trz.\" aria-describedby=\"gallery-1-557\" \/><\/a>\n\t\t\t<\/dt>\n\t\t\t\t<dd class='wp-caption-text gallery-caption' id='gallery-1-557'>\n\t\t\t\tSypialnia \n\t\t\t\t<\/dd><\/dl><br style=\"clear: both\" \/><dl class='gallery-item'>\n\t\t\t<dt class='gallery-icon portrait'>\n\t\t\t\t<a href='https:\/\/skog.pl\/en\/20-2\/'><img loading=\"lazy\" decoding=\"async\" width=\"150\" height=\"150\" src=\"https:\/\/skog.pl\/wp-content\/uploads\/2019\/09\/20-150x150.jpg\" class=\"attachment-thumbnail size-thumbnail\" alt=\"Mieszkanie dla trzyosobowej rodziny. Skog Interior design \u0141\u00f3d\u017a Poland. Projektowanie wn\u0119trz.\" aria-describedby=\"gallery-1-559\" \/><\/a>\n\t\t\t<\/dt>\n\t\t\t\t<dd class='wp-caption-text gallery-caption' id='gallery-1-559'>\n\t\t\t\tSypialnia\n\t\t\t\t<\/dd><\/dl><dl class='gallery-item'>\n\t\t\t<dt class='gallery-icon portrait'>\n\t\t\t\t<a href='https:\/\/skog.pl\/en\/21\/'><img loading=\"lazy\" decoding=\"async\" width=\"150\" height=\"150\" src=\"https:\/\/skog.pl\/wp-content\/uploads\/2019\/09\/21-150x150.jpg\" class=\"attachment-thumbnail size-thumbnail\" alt=\"Mieszkanie dla trzyosobowej rodziny. Skog Interior design \u0141\u00f3d\u017a Poland. Projektowanie wn\u0119trz.\" aria-describedby=\"gallery-1-560\" \/><\/a>\n\t\t\t<\/dt>\n\t\t\t\t<dd class='wp-caption-text gallery-caption' id='gallery-1-560'>\n\t\t\t\tSypialnia\n\t\t\t\t<\/dd><\/dl><dl class='gallery-item'>\n\t\t\t<dt class='gallery-icon portrait'>\n\t\t\t\t<a href='https:\/\/skog.pl\/en\/12-2\/'><img loading=\"lazy\" decoding=\"async\" width=\"150\" height=\"150\" src=\"https:\/\/skog.pl\/wp-content\/uploads\/2019\/09\/12-150x150.jpg\" class=\"attachment-thumbnail size-thumbnail\" alt=\"Mieszkanie dla trzyosobowej rodziny. Skog Interior design \u0141\u00f3d\u017a Poland. Projektowanie wn\u0119trz.\" aria-describedby=\"gallery-1-550\" \/><\/a>\n\t\t\t<\/dt>\n\t\t\t\t<dd class='wp-caption-text gallery-caption' id='gallery-1-550'>\n\t\t\t\tPok\u00f3j ch\u0142opca\n\t\t\t\t<\/dd><\/dl><br style=\"clear: both\" \/><dl class='gallery-item'>\n\t\t\t<dt class='gallery-icon portrait'>\n\t\t\t\t<a href='https:\/\/skog.pl\/en\/13\/'><img loading=\"lazy\" decoding=\"async\" width=\"150\" height=\"150\" src=\"https:\/\/skog.pl\/wp-content\/uploads\/2019\/09\/13-150x150.jpg\" class=\"attachment-thumbnail size-thumbnail\" alt=\"Mieszkanie dla trzyosobowej rodziny. Skog Interior design \u0141\u00f3d\u017a Poland. Projektowanie wn\u0119trz.\" aria-describedby=\"gallery-1-551\" \/><\/a>\n\t\t\t<\/dt>\n\t\t\t\t<dd class='wp-caption-text gallery-caption' id='gallery-1-551'>\n\t\t\t\tPok\u00f3j ch\u0142opca\n\t\t\t\t<\/dd><\/dl><dl class='gallery-item'>\n\t\t\t<dt class='gallery-icon portrait'>\n\t\t\t\t<a href='https:\/\/skog.pl\/en\/14\/'><img loading=\"lazy\" decoding=\"async\" width=\"150\" height=\"150\" src=\"https:\/\/skog.pl\/wp-content\/uploads\/2019\/09\/14-150x150.jpg\" class=\"attachment-thumbnail size-thumbnail\" alt=\"Mieszkanie dla trzyosobowej rodziny. Skog Interior design \u0141\u00f3d\u017a Poland. Projektowanie wn\u0119trz.\" aria-describedby=\"gallery-1-552\" \/><\/a>\n\t\t\t<\/dt>\n\t\t\t\t<dd class='wp-caption-text gallery-caption' id='gallery-1-552'>\n\t\t\t\tPok\u00f3j dziewczynki\n\t\t\t\t<\/dd><\/dl><dl class='gallery-item'>\n\t\t\t<dt class='gallery-icon landscape'>\n\t\t\t\t<a href='https:\/\/skog.pl\/en\/15\/'><img loading=\"lazy\" decoding=\"async\" width=\"150\" height=\"150\" src=\"https:\/\/skog.pl\/wp-content\/uploads\/2019\/09\/15-150x150.jpg\" class=\"attachment-thumbnail size-thumbnail\" alt=\"Mieszkanie dla trzyosobowej rodziny. Skog Interior design \u0141\u00f3d\u017a Poland. Projektowanie wn\u0119trz.\" aria-describedby=\"gallery-1-553\" \/><\/a>\n\t\t\t<\/dt>\n\t\t\t\t<dd class='wp-caption-text gallery-caption' id='gallery-1-553'>\n\t\t\t\tPok\u00f3j dziewczynki\n\t\t\t\t<\/dd><\/dl><br style=\"clear: both\" \/><dl class='gallery-item'>\n\t\t\t<dt class='gallery-icon portrait'>\n\t\t\t\t<a href='https:\/\/skog.pl\/en\/16\/'><img loading=\"lazy\" decoding=\"async\" width=\"150\" height=\"150\" src=\"https:\/\/skog.pl\/wp-content\/uploads\/2019\/09\/16-150x150.jpg\" class=\"attachment-thumbnail size-thumbnail\" alt=\"Mieszkanie dla trzyosobowej rodziny. Skog Interior design \u0141\u00f3d\u017a Poland. Projektowanie wn\u0119trz.\" aria-describedby=\"gallery-1-554\" \/><\/a>\n\t\t\t<\/dt>\n\t\t\t\t<dd class='wp-caption-text gallery-caption' id='gallery-1-554'>\n\t\t\t\tPok\u00f3j dziewczynki\n\t\t\t\t<\/dd><\/dl><dl class='gallery-item'>\n\t\t\t<dt class='gallery-icon portrait'>\n\t\t\t\t<a href='https:\/\/skog.pl\/en\/17\/'><img loading=\"lazy\" decoding=\"async\" width=\"150\" height=\"150\" src=\"https:\/\/skog.pl\/wp-content\/uploads\/2019\/09\/17-150x150.jpg\" class=\"attachment-thumbnail size-thumbnail\" alt=\"Mieszkanie dla trzyosobowej rodziny. Skog Interior design \u0141\u00f3d\u017a Poland. Projektowanie wn\u0119trz.\" aria-describedby=\"gallery-1-555\" \/><\/a>\n\t\t\t<\/dt>\n\t\t\t\t<dd class='wp-caption-text gallery-caption' id='gallery-1-555'>\n\t\t\t\tPok\u00f3j dziewczynki\n\t\t\t\t<\/dd><\/dl><dl class='gallery-item'>\n\t\t\t<dt class='gallery-icon portrait'>\n\t\t\t\t<a href='https:\/\/skog.pl\/en\/22\/'><img loading=\"lazy\" decoding=\"async\" width=\"150\" height=\"150\" src=\"https:\/\/skog.pl\/wp-content\/uploads\/2019\/09\/22-150x150.jpg\" class=\"attachment-thumbnail size-thumbnail\" alt=\"Mieszkanie dla trzyosobowej rodziny. Skog Interior design \u0141\u00f3d\u017a Poland. Projektowanie wn\u0119trz.\" aria-describedby=\"gallery-1-561\" \/><\/a>\n\t\t\t<\/dt>\n\t\t\t\t<dd class='wp-caption-text gallery-caption' id='gallery-1-561'>\n\t\t\t\t\u0141azienka\n\t\t\t\t<\/dd><\/dl><br style=\"clear: both\" \/><dl class='gallery-item'>\n\t\t\t<dt class='gallery-icon landscape'>\n\t\t\t\t<a href='https:\/\/skog.pl\/en\/23\/'><img loading=\"lazy\" decoding=\"async\" width=\"150\" height=\"150\" src=\"https:\/\/skog.pl\/wp-content\/uploads\/2019\/09\/23-150x150.jpg\" class=\"attachment-thumbnail size-thumbnail\" alt=\"Mieszkanie dla trzyosobowej rodziny. Skog Interior design \u0141\u00f3d\u017a Poland. Projektowanie wn\u0119trz.\" aria-describedby=\"gallery-1-562\" \/><\/a>\n\t\t\t<\/dt>\n\t\t\t\t<dd class='wp-caption-text gallery-caption' id='gallery-1-562'>\n\t\t\t\t\u0141azienka\n\t\t\t\t<\/dd><\/dl><dl class='gallery-item'>\n\t\t\t<dt class='gallery-icon portrait'>\n\t\t\t\t<a href='https:\/\/skog.pl\/en\/24\/'><img loading=\"lazy\" decoding=\"async\" width=\"150\" height=\"150\" src=\"https:\/\/skog.pl\/wp-content\/uploads\/2019\/09\/24-150x150.jpg\" class=\"attachment-thumbnail size-thumbnail\" alt=\"Mieszkanie dla trzyosobowej rodziny. Skog Interior design \u0141\u00f3d\u017a Poland. Projektowanie wn\u0119trz.\" aria-describedby=\"gallery-1-563\" \/><\/a>\n\t\t\t<\/dt>\n\t\t\t\t<dd class='wp-caption-text gallery-caption' id='gallery-1-563'>\n\t\t\t\t\u0141azienka\n\t\t\t\t<\/dd><\/dl><dl class='gallery-item'>\n\t\t\t<dt class='gallery-icon portrait'>\n\t\t\t\t<a href='https:\/\/skog.pl\/en\/25\/'><img loading=\"lazy\" decoding=\"async\" width=\"150\" height=\"150\" src=\"https:\/\/skog.pl\/wp-content\/uploads\/2019\/09\/25-150x150.jpg\" class=\"attachment-thumbnail size-thumbnail\" alt=\"Mieszkanie dla trzyosobowej rodziny. Skog Interior design \u0141\u00f3d\u017a Poland. Projektowanie wn\u0119trz.\" aria-describedby=\"gallery-1-564\" \/><\/a>\n\t\t\t<\/dt>\n\t\t\t\t<dd class='wp-caption-text gallery-caption' id='gallery-1-564'>\n\t\t\t\t\u0141azienka\n\t\t\t\t<\/dd><\/dl><br style=\"clear: both\" \/><dl class='gallery-item'>\n\t\t\t<dt class='gallery-icon portrait'>\n\t\t\t\t<a href='https:\/\/skog.pl\/en\/26\/'><img loading=\"lazy\" decoding=\"async\" width=\"150\" height=\"150\" src=\"https:\/\/skog.pl\/wp-content\/uploads\/2019\/09\/26-150x150.jpg\" class=\"attachment-thumbnail size-thumbnail\" alt=\"Mieszkanie dla trzyosobowej rodziny. Skog Interior design \u0141\u00f3d\u017a Poland. Projektowanie wn\u0119trz.\" aria-describedby=\"gallery-1-565\" \/><\/a>\n\t\t\t<\/dt>\n\t\t\t\t<dd class='wp-caption-text gallery-caption' id='gallery-1-565'>\n\t\t\t\tToaleta\n\t\t\t\t<\/dd><\/dl><dl class='gallery-item'>\n\t\t\t<dt class='gallery-icon portrait'>\n\t\t\t\t<a href='https:\/\/skog.pl\/en\/27\/'><img loading=\"lazy\" decoding=\"async\" width=\"150\" height=\"150\" src=\"https:\/\/skog.pl\/wp-content\/uploads\/2019\/09\/27-150x150.jpg\" class=\"attachment-thumbnail size-thumbnail\" alt=\"Mieszkanie dla trzyosobowej rodziny. Skog Interior design \u0141\u00f3d\u017a Poland. Projektowanie wn\u0119trz.\" aria-describedby=\"gallery-1-566\" \/><\/a>\n\t\t\t<\/dt>\n\t\t\t\t<dd class='wp-caption-text gallery-caption' id='gallery-1-566'>\n\t\t\t\tToaleta\n\t\t\t\t<\/dd><\/dl><dl class='gallery-item'>\n\t\t\t<dt class='gallery-icon landscape'>\n\t\t\t\t<a href='https:\/\/skog.pl\/en\/projekty\/attachment\/28\/'><img loading=\"lazy\" decoding=\"async\" width=\"150\" height=\"150\" src=\"https:\/\/skog.pl\/wp-content\/uploads\/2019\/09\/28-150x150.jpg\" class=\"attachment-thumbnail size-thumbnail\" alt=\"Mieszkanie dla trzyosobowej rodziny. Skog Interior design \u0141\u00f3d\u017a Poland. Projektowanie wn\u0119trz.\" aria-describedby=\"gallery-1-567\" \/><\/a>\n\t\t\t<\/dt>\n\t\t\t\t<dd class='wp-caption-text gallery-caption' id='gallery-1-567'>\n\t\t\t\tToaleta\n\t\t\t\t<\/dd><\/dl><br style=\"clear: both\" \/><dl class='gallery-item'>\n\t\t\t<dt class='gallery-icon portrait'>\n\t\t\t\t<a href='https:\/\/skog.pl\/en\/29\/'><img loading=\"lazy\" decoding=\"async\" width=\"150\" height=\"150\" src=\"https:\/\/skog.pl\/wp-content\/uploads\/2019\/09\/29-150x150.jpg\" class=\"attachment-thumbnail size-thumbnail\" alt=\"Mieszkanie dla trzyosobowej rodziny. Skog Interior design \u0141\u00f3d\u017a Poland. Projektowanie wn\u0119trz.\" aria-describedby=\"gallery-1-568\" \/><\/a>\n\t\t\t<\/dt>\n\t\t\t\t<dd class='wp-caption-text gallery-caption' id='gallery-1-568'>\n\t\t\t\tToaleta\n\t\t\t\t<\/dd><\/dl>\n\t\t\t<br style='clear: both' \/>\n\t\t<\/div>\n\n<p style=\"text-align: center;\">\u00a0<\/p>","protected":false},"excerpt":{"rendered":"<p>Autor zdj\u0119\u0107: FOTOPLANhttps:\/\/www.facebook.com\/fotoplan.lodz \u00a0<\/p>","protected":false},"author":2,"featured_media":567,"parent":0,"menu_order":0,"comment_status":"closed","ping_status":"closed","template":"","meta":{"footnotes":""},"_links":{"self":[{"href":"https:\/\/skog.pl\/en\/wp-json\/wp\/v2\/pages\/480"}],"collection":[{"href":"https:\/\/skog.pl\/en\/wp-json\/wp\/v2\/pages"}],"about":[{"href":"https:\/\/skog.pl\/en\/wp-json\/wp\/v2\/types\/page"}],"author":[{"embeddable":true,"href":"https:\/\/skog.pl\/en\/wp-json\/wp\/v2\/users\/2"}],"replies":[{"embeddable":true,"href":"https:\/\/skog.pl\/en\/wp-json\/wp\/v2\/comments?post=480"}],"version-history":[{"count":22,"href":"https:\/\/skog.pl\/en\/wp-json\/wp\/v2\/pages\/480\/revisions"}],"predecessor-version":[{"id":1295,"href":"https:\/\/skog.pl\/en\/wp-json\/wp\/v2\/pages\/480\/revisions\/1295"}],"wp:featuredmedia":[{"embeddable":true,"href":"https:\/\/skog.pl\/en\/wp-json\/wp\/v2\/media\/567"}],"wp:attachment":[{"href":"https:\/\/skog.pl\/en\/wp-json\/wp\/v2\/media?parent=480"}],"curies":[{"name":"wp","href":"https:\/\/api.w.org\/{rel}","templated":true}]}}