{"id":487,"date":"2019-07-02T06:06:58","date_gmt":"2019-07-02T06:06:58","guid":{"rendered":"http:\/\/skog.pl\/?page_id=487"},"modified":"2024-01-25T14:10:09","modified_gmt":"2024-01-25T14:10:09","slug":"przebieg-prac","status":"publish","type":"page","link":"https:\/\/skog.pl\/en\/przebieg-prac\/","title":{"rendered":"przebieg wsp\u00f3\u0142pracy"},"content":{"rendered":"<p style=\"text-align: center;\"><strong><span style=\"color: #000000;\">Pierwsze spotkanie, rozmowa i ankieta<\/span><br \/>\n<\/strong><span style=\"font-weight: 400;\">Na pierwszym spotkaniu przede wszystkim musz\u0119 zobaczy\u0107 wn\u0119trze, kt\u00f3rego dotyczy\u0107 b\u0119dzie projekt oraz pozna\u0107 Ciebie &#8211; Inwestora. Podczas spotkania, kt\u00f3re mo\u017ce odby\u0107 si\u0119 na miejscu inwestycji lub w moim biurze, rozmawiamy o Twoich oczekiwaniach co do projektu. Podpisujemy r\u00f3wnie\u017c stosown\u0105 umow\u0119. Nast\u0119pny krok, to dok\u0142adna autorska ankieta z pytaniami do wype\u0142nienia, kt\u00f3r\u0105 Ci udost\u0119pniam.<br \/>\n<\/span><\/p>\n<p style=\"text-align: center;\"><strong>WA\u017bNE!<\/strong> Pami\u0119taj, \u017ce sam proces projektowy mo\u017ce trwa\u0107 od 1 do 4 miesi\u0119cy. We\u017a pod uwag\u0119 czas na projektowanie, ale te\u017c na zam\u00f3wienie potrzebnych materia\u0142\u00f3w (p\u0142ytek, armatury, itp.) i um\u00f3wienie termin\u00f3w z ekipami. Ja tak\u017ce planuj\u0119 harmonogram projekt\u00f3w na kilka miesi\u0119cy do przodu.<\/p>\n<hr \/>\n<p style=\"text-align: center;\"><span style=\"color: #000000;\"><strong>Inwentaryzacja<\/strong><\/span><br \/>\nKolejnym krokiem jest inwentaryzacja &#8211; zdj\u0119cie wszystkich wymiar\u00f3w potrzebnych do realizacji projektu. Na ich podstawie i na podstawie ankiety, przygotowane zostaj\u0105 2 lub 3 propozycje uk\u0142adu funkcjonalnego &#8211; tzw. rzuty aran\u017cacyjne. To jest nasza baza do stworzenia kolorowych szkic\u00f3w 3D oraz finalnego obrazu wn\u0119trza.<\/p>\n<hr \/>\n<p style=\"text-align: center;\"><span style=\"color: #000000;\"><strong>Pakiety<\/strong><\/span><br \/>\nW ofercie pracowni mam <strong>II opcje<\/strong> wsp\u00f3\u0142pracy do wyboru.<\/p>\n<p style=\"text-align: center;\"><span style=\"color: #ff0000;\"><strong>I. PAKIET KOMPLEKSOWY BEZ NADZORU PROJEKTANTA &#8211; projekt zdalny, on-line<br \/>\nCo zawiera pakiet:<\/strong><\/span><\/p>\n<ul>\n<li><span class=\"JsGRdQ\">wst\u0119pn\u0105 rozmow\u0119 w moim biurze lub na miejscu realizacji, wycen\u0119 prac projektowych oraz podpisanie stosownej umowy;<\/span><\/li>\n<li><span class=\"JsGRdQ\">2\/3 koncepcje aran\u017cacyjne tzw. rzuty funkcjonalne przedstawione w formie czarno bia\u0142ych rzut\u00f3w 2D ze zwymiarowanymi meblami;\u00a0<\/span><\/li>\n<li><span class=\"JsGRdQ\">materialboardy (tablice inspiracji) okre\u015blaj\u0105ce stylistyk\u0119 projektowanych pomieszcze\u0144 z wykorzystaniem ju\u017c wybranych przeze mnie materia\u0142\u00f3w &#8211; p\u0142ytek, pod\u0142\u00f3g, kolor\u00f3w \u015bcian, itp.;<\/span><\/li>\n<li><span class=\"JsGRdQ\">kolorowe szkice 3D uwzgl\u0119dniaj\u0105ce zaakceptowane uk\u0142ady aran\u017cacyjne oraz wybran\u0105 wcze\u015bniej kolorystyk\u0119 oraz materia\u0142y &#8211; na tym etapie przys\u0142uguj\u0105 Ci dwie rundy poprawek (np. zmiana uk\u0142adu ustawienia jakie\u015b zabudowy, zmiana kolorystyki, itp.);<\/span><\/li>\n<li><span class=\"JsGRdQ\">dwie dwugodzinne wizyty w sklepach z wyposa\u017ceniem wn\u0119trz; ka\u017cda dodatkowa godzina jest p\u0142atna;<\/span><\/li>\n<li><span class=\"JsGRdQ\">list\u0119 zakup\u00f3w i wydatk\u00f3w w programie KISLIST (nie musisz niczego instalowa\u0107, listy przychodz\u0105 mailem);<\/span><\/li>\n<li><span class=\"JsGRdQ\">sta\u0142y kontakt telefoniczny lub mailowy podczas przebiegu prac remontowych;<\/span><\/li>\n<li><span class=\"JsGRdQ\"><span class=\"JsGRdQ\"><span class=\"JsGRdQ\"><span class=\"JsGRdQ\"><span class=\"JsGRdQ\">rysunki techniczne dla ekip remontowych, meblarskich i innych;<br \/>\n<\/span><\/span><\/span><\/span><\/span><\/p>\n<hr \/>\n<\/li>\n<\/ul>\n<p style=\"text-align: center;\"><strong><span style=\"color: #ff0000;\">II. PAKIET KOMPLEKSOWY Z NADZOREM PROJEKTANTA<br \/>\n<\/span><\/strong><span style=\"color: #ff0000;\"><strong>Co zawiera pakiet:<\/strong><\/span><\/p>\n<ul>\n<li><span class=\"JsGRdQ\">wst\u0119pn\u0105 rozmow\u0119 w moim biurze lub na miejscu realizacji, wycen\u0119 prac projektowych oraz podpisanie stosownej umowy;<\/span><\/li>\n<li><span class=\"JsGRdQ\">2\/3 koncepcje aran\u017cacyjne tzw. rzuty funkcjonalne przedstawione w formie czarno bia\u0142ych rzut\u00f3w 2D ze zwymiarowanymi meblami;<\/span><\/li>\n<li><span class=\"JsGRdQ\">materialboardy (tablice inspiracji) okre\u015blaj\u0105ce stylistyk\u0119 projektowanych pomieszcze\u0144 z wykorzystaniem ju\u017c wybranych przeze mnie materia\u0142\u00f3w &#8211; p\u0142ytek, pod\u0142\u00f3g, kolor\u00f3w \u015bcian, itp.;<\/span><\/li>\n<li><span class=\"JsGRdQ\">kolorowe szkice 3D uwzgl\u0119dniaj\u0105ce zaakceptowane uk\u0142ady aran\u017cacyjne oraz wybran\u0105 wcze\u015bniej kolorystyk\u0119 oraz materia\u0142y &#8211; na tym etapie przys\u0142uguj\u0105 Ci dwie rundy poprawek (np. zmiana uk\u0142adu ustawienia jakie\u015b zabudowy, zmiana kolorystyki, itp.);<\/span><\/li>\n<li><span class=\"JsGRdQ\">trzy dwugodzinne wizyty w sklepach z wyposa\u017ceniem wn\u0119trz; ka\u017cda dodatkowa godzina jest p\u0142atna;<\/span><\/li>\n<li><span class=\"JsGRdQ\">list\u0119 zakup\u00f3w i wydatk\u00f3w w programie KISLIST (nie musisz niczego instalowa\u0107, listy przychodz\u0105 mailem);<\/span><\/li>\n<li><span class=\"JsGRdQ\"><span class=\"JsGRdQ\">rysunki techniczne dla ekip remontowych, meblarskich i innych;<\/span><\/span><\/li>\n<li style=\"text-align: left;\">trzymam osobist\u0105 piecz\u0119 nad przebiegiem prac na miejscu realizacji;<br \/>\n<hr \/>\n<\/li>\n<\/ul>\n<p style=\"text-align: center;\"><strong>Je\u017celi masz jakiekolwiek pytania, pisz lub dzwo\u0144 \u015bmia\u0142o! Wy\u015blij mi zdj\u0119cia wn\u0119trza (mieszkania lub domu) albo same rzuty ze sprecyzowaniem czego b\u0119dzie dotyczy\u0107 projekt. Wycena jest bezp\u0142atna!<\/strong><\/p>","protected":false},"excerpt":{"rendered":"<p>Pierwsze spotkanie, rozmowa i ankieta Na pierwszym spotkaniu przede wszystkim musz\u0119 zobaczy\u0107 wn\u0119trze, kt\u00f3rego dotyczy\u0107 b\u0119dzie projekt oraz pozna\u0107 Ciebie &#8211; Inwestora. Podczas spotkania, kt\u00f3re mo\u017ce odby\u0107 si\u0119 na miejscu inwestycji lub w moim biurze, rozmawiamy o Twoich oczekiwaniach co do projektu. Podpisujemy r\u00f3wnie\u017c stosown\u0105 umow\u0119. Nast\u0119pny krok, to dok\u0142adna autorska ankieta z pytaniami do [&hellip;]<\/p>","protected":false},"author":2,"featured_media":0,"parent":0,"menu_order":0,"comment_status":"closed","ping_status":"closed","template":"","meta":{"footnotes":""},"_links":{"self":[{"href":"https:\/\/skog.pl\/en\/wp-json\/wp\/v2\/pages\/487"}],"collection":[{"href":"https:\/\/skog.pl\/en\/wp-json\/wp\/v2\/pages"}],"about":[{"href":"https:\/\/skog.pl\/en\/wp-json\/wp\/v2\/types\/page"}],"author":[{"embeddable":true,"href":"https:\/\/skog.pl\/en\/wp-json\/wp\/v2\/users\/2"}],"replies":[{"embeddable":true,"href":"https:\/\/skog.pl\/en\/wp-json\/wp\/v2\/comments?post=487"}],"version-history":[{"count":64,"href":"https:\/\/skog.pl\/en\/wp-json\/wp\/v2\/pages\/487\/revisions"}],"predecessor-version":[{"id":1471,"href":"https:\/\/skog.pl\/en\/wp-json\/wp\/v2\/pages\/487\/revisions\/1471"}],"wp:attachment":[{"href":"https:\/\/skog.pl\/en\/wp-json\/wp\/v2\/media?parent=487"}],"curies":[{"name":"wp","href":"https:\/\/api.w.org\/{rel}","templated":true}]}}