{"id":628,"date":"2019-09-25T19:52:29","date_gmt":"2019-09-25T19:52:29","guid":{"rendered":"http:\/\/skog.pl\/?page_id=628"},"modified":"2023-12-29T13:53:49","modified_gmt":"2023-12-29T13:53:49","slug":"geometryczna-lazienka-5m%c2%b2","status":"publish","type":"page","link":"https:\/\/skog.pl\/en\/geometryczna-lazienka-5m%c2%b2\/","title":{"rendered":"Geometryczna \u0142azienka (5 m2, projekt koncepcyjny)"},"content":{"rendered":"<p style=\"text-align: left;\">\n\n\t\t<style type=\"text\/css\">\n\t\t\t#gallery-1 {\n\t\t\t\tmargin: auto;\n\t\t\t}\n\t\t\t#gallery-1 .gallery-item {\n\t\t\t\tfloat: left;\n\t\t\t\tmargin-top: 10px;\n\t\t\t\ttext-align: center;\n\t\t\t\twidth: 33%;\n\t\t\t}\n\t\t\t#gallery-1 img {\n\t\t\t\tborder: 2px solid #cfcfcf;\n\t\t\t}\n\t\t\t#gallery-1 .gallery-caption {\n\t\t\t\tmargin-left: 0;\n\t\t\t}\n\t\t\t\/* see gallery_shortcode() in wp-includes\/media.php *\/\n\t\t<\/style>\n\t\t<div id='gallery-1' class='gallery galleryid-628 gallery-columns-3 gallery-size-thumbnail'><dl class='gallery-item'>\n\t\t\t<dt class='gallery-icon landscape'>\n\t\t\t\t<a href='https:\/\/skog.pl\/en\/geometryczna-lazienka-5m%c2%b2\/1-5\/'><img loading=\"lazy\" decoding=\"async\" width=\"150\" height=\"150\" src=\"https:\/\/skog.pl\/wp-content\/uploads\/2019\/09\/1-1-150x150.jpg\" class=\"attachment-thumbnail size-thumbnail\" alt=\"\u0141azienka na konkurs. Skog Interior design \u0141\u00f3d\u017a Poland. Projektowanie wn\u0119trz.\" aria-describedby=\"gallery-1-634\" \/><\/a>\n\t\t\t<\/dt>\n\t\t\t\t<dd class='wp-caption-text gallery-caption' id='gallery-1-634'>\n\t\t\t\t\u0141azienka\n\t\t\t\t<\/dd><\/dl><dl class='gallery-item'>\n\t\t\t<dt class='gallery-icon landscape'>\n\t\t\t\t<a href='https:\/\/skog.pl\/en\/geometryczna-lazienka-5m%c2%b2\/2-4\/'><img loading=\"lazy\" decoding=\"async\" width=\"150\" height=\"150\" src=\"https:\/\/skog.pl\/wp-content\/uploads\/2019\/09\/2-1-150x150.jpg\" class=\"attachment-thumbnail size-thumbnail\" alt=\"\u0141azienka na konkurs. Skog Interior design \u0141\u00f3d\u017a Poland. Projektowanie wn\u0119trz.\" aria-describedby=\"gallery-1-635\" \/><\/a>\n\t\t\t<\/dt>\n\t\t\t\t<dd class='wp-caption-text gallery-caption' id='gallery-1-635'>\n\t\t\t\t\u0141azienka\n\t\t\t\t<\/dd><\/dl><dl class='gallery-item'>\n\t\t\t<dt class='gallery-icon landscape'>\n\t\t\t\t<a href='https:\/\/skog.pl\/en\/geometryczna-lazienka-5m%c2%b2\/5-4\/'><img loading=\"lazy\" decoding=\"async\" width=\"150\" height=\"150\" src=\"https:\/\/skog.pl\/wp-content\/uploads\/2019\/09\/5-1-150x150.jpg\" class=\"attachment-thumbnail size-thumbnail\" alt=\"\u0141azienka na konkurs. Skog Interior design \u0141\u00f3d\u017a Poland. Projektowanie wn\u0119trz.\" aria-describedby=\"gallery-1-632\" \/><\/a>\n\t\t\t<\/dt>\n\t\t\t\t<dd class='wp-caption-text gallery-caption' id='gallery-1-632'>\n\t\t\t\t\u0141azienka\n\t\t\t\t<\/dd><\/dl><br style=\"clear: both\" \/><dl class='gallery-item'>\n\t\t\t<dt class='gallery-icon landscape'>\n\t\t\t\t<a href='https:\/\/skog.pl\/en\/geometryczna-lazienka-5m%c2%b2\/3-5\/'><img loading=\"lazy\" decoding=\"async\" width=\"150\" height=\"150\" src=\"https:\/\/skog.pl\/wp-content\/uploads\/2019\/09\/3-1-150x150.jpg\" class=\"attachment-thumbnail size-thumbnail\" alt=\"\u0141azienka na konkurs. Skog Interior design \u0141\u00f3d\u017a Poland. Projektowanie wn\u0119trz.\" aria-describedby=\"gallery-1-630\" \/><\/a>\n\t\t\t<\/dt>\n\t\t\t\t<dd class='wp-caption-text gallery-caption' id='gallery-1-630'>\n\t\t\t\t\u0141azienka\n\t\t\t\t<\/dd><\/dl><dl class='gallery-item'>\n\t\t\t<dt class='gallery-icon landscape'>\n\t\t\t\t<a href='https:\/\/skog.pl\/en\/geometryczna-lazienka-5m%c2%b2\/4-5\/'><img loading=\"lazy\" decoding=\"async\" width=\"150\" height=\"150\" src=\"https:\/\/skog.pl\/wp-content\/uploads\/2019\/09\/4-1-150x150.jpg\" class=\"attachment-thumbnail size-thumbnail\" alt=\"\u0141azienka na konkurs. Skog Interior design \u0141\u00f3d\u017a Poland. Projektowanie wn\u0119trz.\" aria-describedby=\"gallery-1-631\" \/><\/a>\n\t\t\t<\/dt>\n\t\t\t\t<dd class='wp-caption-text gallery-caption' id='gallery-1-631'>\n\t\t\t\t\u0141azienka\n\t\t\t\t<\/dd><\/dl><dl class='gallery-item'>\n\t\t\t<dt class='gallery-icon landscape'>\n\t\t\t\t<a href='https:\/\/skog.pl\/en\/geometryczna-lazienka-5m%c2%b2\/6-4\/'><img loading=\"lazy\" decoding=\"async\" width=\"150\" height=\"150\" src=\"https:\/\/skog.pl\/wp-content\/uploads\/2019\/09\/6-1-150x150.jpg\" class=\"attachment-thumbnail size-thumbnail\" alt=\"\u0141azienka na konkurs. Skog Interior design \u0141\u00f3d\u017a Poland. Projektowanie wn\u0119trz.\" aria-describedby=\"gallery-1-633\" \/><\/a>\n\t\t\t<\/dt>\n\t\t\t\t<dd class='wp-caption-text gallery-caption' id='gallery-1-633'>\n\t\t\t\t\u0141azienka\n\t\t\t\t<\/dd><\/dl><br style=\"clear: both\" \/>\n\t\t<\/div>","protected":false},"excerpt":{"rendered":"","protected":false},"author":2,"featured_media":634,"parent":0,"menu_order":0,"comment_status":"closed","ping_status":"closed","template":"","meta":{"footnotes":""},"_links":{"self":[{"href":"https:\/\/skog.pl\/en\/wp-json\/wp\/v2\/pages\/628"}],"collection":[{"href":"https:\/\/skog.pl\/en\/wp-json\/wp\/v2\/pages"}],"about":[{"href":"https:\/\/skog.pl\/en\/wp-json\/wp\/v2\/types\/page"}],"author":[{"embeddable":true,"href":"https:\/\/skog.pl\/en\/wp-json\/wp\/v2\/users\/2"}],"replies":[{"embeddable":true,"href":"https:\/\/skog.pl\/en\/wp-json\/wp\/v2\/comments?post=628"}],"version-history":[{"count":9,"href":"https:\/\/skog.pl\/en\/wp-json\/wp\/v2\/pages\/628\/revisions"}],"predecessor-version":[{"id":1297,"href":"https:\/\/skog.pl\/en\/wp-json\/wp\/v2\/pages\/628\/revisions\/1297"}],"wp:featuredmedia":[{"embeddable":true,"href":"https:\/\/skog.pl\/en\/wp-json\/wp\/v2\/media\/634"}],"wp:attachment":[{"href":"https:\/\/skog.pl\/en\/wp-json\/wp\/v2\/media?parent=628"}],"curies":[{"name":"wp","href":"https:\/\/api.w.org\/{rel}","templated":true}]}}