{"id":753,"date":"2022-03-06T17:57:23","date_gmt":"2022-03-06T17:57:23","guid":{"rendered":"https:\/\/skog.pl\/?page_id=753"},"modified":"2023-12-28T19:35:21","modified_gmt":"2023-12-28T19:35:21","slug":"dr9_66m2","status":"publish","type":"page","link":"https:\/\/skog.pl\/en\/dr9_66m2\/","title":{"rendered":"Mieszkanie dla m\u0142odej pary (66 m\u00b2, \u0141\u00f3d\u017a)"},"content":{"rendered":"<div class=\"wp-block-dgwt-justified-gallery\">\n\t\t<style type=\"text\/css\">\n\t\t\t#gallery-1 {\n\t\t\t\tmargin: auto;\n\t\t\t}\n\t\t\t#gallery-1 .gallery-item {\n\t\t\t\tfloat: left;\n\t\t\t\tmargin-top: 10px;\n\t\t\t\ttext-align: center;\n\t\t\t\twidth: 33%;\n\t\t\t}\n\t\t\t#gallery-1 img {\n\t\t\t\tborder: 2px solid #cfcfcf;\n\t\t\t}\n\t\t\t#gallery-1 .gallery-caption {\n\t\t\t\tmargin-left: 0;\n\t\t\t}\n\t\t\t\/* see gallery_shortcode() in wp-includes\/media.php *\/\n\t\t<\/style>\n\t\t<div id='gallery-1' class='gallery galleryid-753 gallery-columns-3 gallery-size-thumbnail'><dl class='gallery-item'>\n\t\t\t<dt class='gallery-icon portrait'>\n\t\t\t\t<a href='https:\/\/skog.pl\/en\/dr9_66m2\/dr9_66m2_20\/'><img loading=\"lazy\" decoding=\"async\" width=\"150\" height=\"150\" src=\"https:\/\/skog.pl\/wp-content\/uploads\/2022\/03\/dr9_66m2_20-150x150.jpg\" class=\"attachment-thumbnail size-thumbnail\" alt=\"Projekt mieszkania dla m\u0142odej pary. Skog Interior design \u0141\u00f3d\u017a Poland. Projektowanie wn\u0119trz.\" aria-describedby=\"gallery-1-773\" \/><\/a>\n\t\t\t<\/dt>\n\t\t\t\t<dd class='wp-caption-text gallery-caption' id='gallery-1-773'>\n\t\t\t\tKorytarz\n\t\t\t\t<\/dd><\/dl><dl class='gallery-item'>\n\t\t\t<dt class='gallery-icon landscape'>\n\t\t\t\t<a href='https:\/\/skog.pl\/en\/dr9_66m2\/dr9_66m2_19\/'><img loading=\"lazy\" decoding=\"async\" width=\"150\" height=\"150\" src=\"https:\/\/skog.pl\/wp-content\/uploads\/2022\/03\/dr9_66m2_19-150x150.jpg\" class=\"attachment-thumbnail size-thumbnail\" alt=\"Projekt mieszkania dla m\u0142odej pary. Skog Interior design \u0141\u00f3d\u017a Poland. Projektowanie wn\u0119trz.\" aria-describedby=\"gallery-1-772\" \/><\/a>\n\t\t\t<\/dt>\n\t\t\t\t<dd class='wp-caption-text gallery-caption' id='gallery-1-772'>\n\t\t\t\tKorytarz\n\t\t\t\t<\/dd><\/dl><dl class='gallery-item'>\n\t\t\t<dt class='gallery-icon portrait'>\n\t\t\t\t<a href='https:\/\/skog.pl\/en\/dr9_66m2\/dr9_66m2_18\/'><img loading=\"lazy\" decoding=\"async\" width=\"150\" height=\"150\" src=\"https:\/\/skog.pl\/wp-content\/uploads\/2022\/03\/dr9_66m2_18-150x150.jpg\" class=\"attachment-thumbnail size-thumbnail\" alt=\"Projekt mieszkania dla m\u0142odej pary. Skog Interior design \u0141\u00f3d\u017a Poland. Projektowanie wn\u0119trz.\" aria-describedby=\"gallery-1-771\" \/><\/a>\n\t\t\t<\/dt>\n\t\t\t\t<dd class='wp-caption-text gallery-caption' id='gallery-1-771'>\n\t\t\t\tKorytarz\n\t\t\t\t<\/dd><\/dl><br style=\"clear: both\" \/><dl class='gallery-item'>\n\t\t\t<dt class='gallery-icon landscape'>\n\t\t\t\t<a href='https:\/\/skog.pl\/en\/dr9_66m2\/dr9_66m2_17\/'><img loading=\"lazy\" decoding=\"async\" width=\"150\" height=\"150\" src=\"https:\/\/skog.pl\/wp-content\/uploads\/2022\/03\/dr9_66m2_17-150x150.jpg\" class=\"attachment-thumbnail size-thumbnail\" alt=\"Projekt mieszkania dla m\u0142odej pary. Skog Interior design \u0141\u00f3d\u017a Poland. Projektowanie wn\u0119trz.\" aria-describedby=\"gallery-1-770\" \/><\/a>\n\t\t\t<\/dt>\n\t\t\t\t<dd class='wp-caption-text gallery-caption' id='gallery-1-770'>\n\t\t\t\tSalon\n\t\t\t\t<\/dd><\/dl><dl class='gallery-item'>\n\t\t\t<dt class='gallery-icon landscape'>\n\t\t\t\t<a href='https:\/\/skog.pl\/en\/dr9_66m2\/dr9_66m2_16\/'><img loading=\"lazy\" decoding=\"async\" width=\"150\" height=\"150\" src=\"https:\/\/skog.pl\/wp-content\/uploads\/2022\/03\/dr9_66m2_16-150x150.jpg\" class=\"attachment-thumbnail size-thumbnail\" alt=\"Projekt mieszkania dla m\u0142odej pary. Skog Interior design \u0141\u00f3d\u017a Poland. Projektowanie wn\u0119trz.\" aria-describedby=\"gallery-1-769\" \/><\/a>\n\t\t\t<\/dt>\n\t\t\t\t<dd class='wp-caption-text gallery-caption' id='gallery-1-769'>\n\t\t\t\tSalon\n\t\t\t\t<\/dd><\/dl><dl class='gallery-item'>\n\t\t\t<dt class='gallery-icon portrait'>\n\t\t\t\t<a href='https:\/\/skog.pl\/en\/dr9_66m2\/dr9_66m2_15\/'><img loading=\"lazy\" decoding=\"async\" width=\"150\" height=\"150\" src=\"https:\/\/skog.pl\/wp-content\/uploads\/2022\/03\/dr9_66m2_15-150x150.jpg\" class=\"attachment-thumbnail size-thumbnail\" alt=\"Projekt mieszkania dla m\u0142odej pary. Skog Interior design \u0141\u00f3d\u017a Poland. Projektowanie wn\u0119trz.\" aria-describedby=\"gallery-1-768\" \/><\/a>\n\t\t\t<\/dt>\n\t\t\t\t<dd class='wp-caption-text gallery-caption' id='gallery-1-768'>\n\t\t\t\tSalon\n\t\t\t\t<\/dd><\/dl><br style=\"clear: both\" \/><dl class='gallery-item'>\n\t\t\t<dt class='gallery-icon portrait'>\n\t\t\t\t<a href='https:\/\/skog.pl\/en\/dr9_66m2\/dr9_66m2_14\/'><img loading=\"lazy\" decoding=\"async\" width=\"150\" height=\"150\" src=\"https:\/\/skog.pl\/wp-content\/uploads\/2022\/03\/dr9_66m2_14-150x150.jpg\" class=\"attachment-thumbnail size-thumbnail\" alt=\"Projekt mieszkania dla m\u0142odej pary. Skog Interior design \u0141\u00f3d\u017a Poland. Projektowanie wn\u0119trz.\" aria-describedby=\"gallery-1-767\" \/><\/a>\n\t\t\t<\/dt>\n\t\t\t\t<dd class='wp-caption-text gallery-caption' id='gallery-1-767'>\n\t\t\t\tKuchnia\n\t\t\t\t<\/dd><\/dl><dl class='gallery-item'>\n\t\t\t<dt class='gallery-icon portrait'>\n\t\t\t\t<a href='https:\/\/skog.pl\/en\/dr9_66m2\/dr9_66m2_13\/'><img loading=\"lazy\" decoding=\"async\" width=\"150\" height=\"150\" src=\"https:\/\/skog.pl\/wp-content\/uploads\/2022\/03\/dr9_66m2_13-150x150.jpg\" class=\"attachment-thumbnail size-thumbnail\" alt=\"Projekt mieszkania dla m\u0142odej pary. Skog Interior design \u0141\u00f3d\u017a Poland. Projektowanie wn\u0119trz.\" aria-describedby=\"gallery-1-766\" \/><\/a>\n\t\t\t<\/dt>\n\t\t\t\t<dd class='wp-caption-text gallery-caption' id='gallery-1-766'>\n\t\t\t\tKuchnia\n\t\t\t\t<\/dd><\/dl><dl class='gallery-item'>\n\t\t\t<dt class='gallery-icon portrait'>\n\t\t\t\t<a href='https:\/\/skog.pl\/en\/dr9_66m2\/dr9_66m2_12\/'><img loading=\"lazy\" decoding=\"async\" width=\"150\" height=\"150\" src=\"https:\/\/skog.pl\/wp-content\/uploads\/2022\/03\/dr9_66m2_12-150x150.jpg\" class=\"attachment-thumbnail size-thumbnail\" alt=\"Projekt mieszkania dla m\u0142odej pary. Skog Interior design \u0141\u00f3d\u017a Poland. Projektowanie wn\u0119trz.\" aria-describedby=\"gallery-1-765\" \/><\/a>\n\t\t\t<\/dt>\n\t\t\t\t<dd class='wp-caption-text gallery-caption' id='gallery-1-765'>\n\t\t\t\tKuchnia\n\t\t\t\t<\/dd><\/dl><br style=\"clear: both\" \/><dl class='gallery-item'>\n\t\t\t<dt class='gallery-icon landscape'>\n\t\t\t\t<a href='https:\/\/skog.pl\/en\/dr9_66m2\/dr9_66m2_11\/'><img loading=\"lazy\" decoding=\"async\" width=\"150\" height=\"150\" src=\"https:\/\/skog.pl\/wp-content\/uploads\/2022\/03\/dr9_66m2_11-150x150.jpg\" class=\"attachment-thumbnail size-thumbnail\" alt=\"Projekt mieszkania dla m\u0142odej pary. Skog Interior design \u0141\u00f3d\u017a Poland. Projektowanie wn\u0119trz.\" aria-describedby=\"gallery-1-764\" \/><\/a>\n\t\t\t<\/dt>\n\t\t\t\t<dd class='wp-caption-text gallery-caption' id='gallery-1-764'>\n\t\t\t\tKuchnia\n\t\t\t\t<\/dd><\/dl><dl class='gallery-item'>\n\t\t\t<dt class='gallery-icon portrait'>\n\t\t\t\t<a href='https:\/\/skog.pl\/en\/dr9_66m2\/dr9_66m2_10\/'><img loading=\"lazy\" decoding=\"async\" width=\"150\" height=\"150\" src=\"https:\/\/skog.pl\/wp-content\/uploads\/2022\/03\/dr9_66m2_10-150x150.jpg\" class=\"attachment-thumbnail size-thumbnail\" alt=\"Projekt mieszkania dla m\u0142odej pary. Skog Interior design \u0141\u00f3d\u017a Poland. Projektowanie wn\u0119trz.\" aria-describedby=\"gallery-1-763\" \/><\/a>\n\t\t\t<\/dt>\n\t\t\t\t<dd class='wp-caption-text gallery-caption' id='gallery-1-763'>\n\t\t\t\t\u0141azienka\n\t\t\t\t<\/dd><\/dl><dl class='gallery-item'>\n\t\t\t<dt class='gallery-icon landscape'>\n\t\t\t\t<a href='https:\/\/skog.pl\/en\/dr9_66m2\/dr9_66m2_9\/'><img loading=\"lazy\" decoding=\"async\" width=\"150\" height=\"150\" src=\"https:\/\/skog.pl\/wp-content\/uploads\/2022\/03\/dr9_66m2_9-150x150.jpg\" class=\"attachment-thumbnail size-thumbnail\" alt=\"Projekt mieszkania dla m\u0142odej pary. Skog Interior design \u0141\u00f3d\u017a Poland. Projektowanie wn\u0119trz.\" aria-describedby=\"gallery-1-762\" \/><\/a>\n\t\t\t<\/dt>\n\t\t\t\t<dd class='wp-caption-text gallery-caption' id='gallery-1-762'>\n\t\t\t\t\u0141azienka\n\t\t\t\t<\/dd><\/dl><br style=\"clear: both\" \/><dl class='gallery-item'>\n\t\t\t<dt class='gallery-icon portrait'>\n\t\t\t\t<a href='https:\/\/skog.pl\/en\/dr9_66m2\/dr9_66m2_8\/'><img loading=\"lazy\" decoding=\"async\" width=\"150\" height=\"150\" src=\"https:\/\/skog.pl\/wp-content\/uploads\/2022\/03\/dr9_66m2_8-150x150.jpg\" class=\"attachment-thumbnail size-thumbnail\" alt=\"Projekt mieszkania dla m\u0142odej pary. Skog Interior design \u0141\u00f3d\u017a Poland. Projektowanie wn\u0119trz.\" aria-describedby=\"gallery-1-761\" \/><\/a>\n\t\t\t<\/dt>\n\t\t\t\t<dd class='wp-caption-text gallery-caption' id='gallery-1-761'>\n\t\t\t\t\u0141azienka\n\t\t\t\t<\/dd><\/dl><dl class='gallery-item'>\n\t\t\t<dt class='gallery-icon portrait'>\n\t\t\t\t<a href='https:\/\/skog.pl\/en\/dr9_66m2\/dr9_66m2_7\/'><img loading=\"lazy\" decoding=\"async\" width=\"150\" height=\"150\" src=\"https:\/\/skog.pl\/wp-content\/uploads\/2022\/03\/dr9_66m2_7-150x150.jpg\" class=\"attachment-thumbnail size-thumbnail\" alt=\"Projekt mieszkania dla m\u0142odej pary. Skog Interior design \u0141\u00f3d\u017a Poland. Projektowanie wn\u0119trz.\" aria-describedby=\"gallery-1-760\" \/><\/a>\n\t\t\t<\/dt>\n\t\t\t\t<dd class='wp-caption-text gallery-caption' id='gallery-1-760'>\n\t\t\t\t\u0141azienka\n\t\t\t\t<\/dd><\/dl><dl class='gallery-item'>\n\t\t\t<dt class='gallery-icon portrait'>\n\t\t\t\t<a href='https:\/\/skog.pl\/en\/dr9_66m2\/dr9_66m2_6\/'><img loading=\"lazy\" decoding=\"async\" width=\"150\" height=\"150\" src=\"https:\/\/skog.pl\/wp-content\/uploads\/2022\/03\/dr9_66m2_6-150x150.jpg\" class=\"attachment-thumbnail size-thumbnail\" alt=\"Projekt mieszkania dla m\u0142odej pary. Skog Interior design \u0141\u00f3d\u017a Poland. Projektowanie wn\u0119trz.\" aria-describedby=\"gallery-1-759\" \/><\/a>\n\t\t\t<\/dt>\n\t\t\t\t<dd class='wp-caption-text gallery-caption' id='gallery-1-759'>\n\t\t\t\t\u0141azienka\n\t\t\t\t<\/dd><\/dl><br style=\"clear: both\" \/><dl class='gallery-item'>\n\t\t\t<dt class='gallery-icon portrait'>\n\t\t\t\t<a href='https:\/\/skog.pl\/en\/dr9_66m2\/dr9_66m2_5\/'><img loading=\"lazy\" decoding=\"async\" width=\"150\" height=\"150\" src=\"https:\/\/skog.pl\/wp-content\/uploads\/2022\/03\/dr9_66m2_5-150x150.jpg\" class=\"attachment-thumbnail size-thumbnail\" alt=\"Projekt mieszkania dla m\u0142odej pary. Skog Interior design \u0141\u00f3d\u017a Poland. Projektowanie wn\u0119trz.\" aria-describedby=\"gallery-1-758\" \/><\/a>\n\t\t\t<\/dt>\n\t\t\t\t<dd class='wp-caption-text gallery-caption' id='gallery-1-758'>\n\t\t\t\t\u0141azienka\n\t\t\t\t<\/dd><\/dl><dl class='gallery-item'>\n\t\t\t<dt class='gallery-icon landscape'>\n\t\t\t\t<a href='https:\/\/skog.pl\/en\/dr9_66m2\/dr9_66m2_4\/'><img loading=\"lazy\" decoding=\"async\" width=\"150\" height=\"150\" src=\"https:\/\/skog.pl\/wp-content\/uploads\/2022\/03\/dr9_66m2_4-150x150.jpg\" class=\"attachment-thumbnail size-thumbnail\" alt=\"Projekt mieszkania dla m\u0142odej pary. Skog Interior design \u0141\u00f3d\u017a Poland. Projektowanie wn\u0119trz.\" aria-describedby=\"gallery-1-757\" \/><\/a>\n\t\t\t<\/dt>\n\t\t\t\t<dd class='wp-caption-text gallery-caption' id='gallery-1-757'>\n\t\t\t\tSypialnia\n\t\t\t\t<\/dd><\/dl><dl class='gallery-item'>\n\t\t\t<dt class='gallery-icon landscape'>\n\t\t\t\t<a href='https:\/\/skog.pl\/en\/dr9_66m2\/dr9_66m2_3\/'><img loading=\"lazy\" decoding=\"async\" width=\"150\" height=\"150\" src=\"https:\/\/skog.pl\/wp-content\/uploads\/2022\/03\/dr9_66m2_3-150x150.jpg\" class=\"attachment-thumbnail size-thumbnail\" alt=\"Projekt mieszkania dla m\u0142odej pary. Skog Interior design \u0141\u00f3d\u017a Poland. Projektowanie wn\u0119trz.\" aria-describedby=\"gallery-1-756\" \/><\/a>\n\t\t\t<\/dt>\n\t\t\t\t<dd class='wp-caption-text gallery-caption' id='gallery-1-756'>\n\t\t\t\tSypialnia\n\t\t\t\t<\/dd><\/dl><br style=\"clear: both\" \/><dl class='gallery-item'>\n\t\t\t<dt class='gallery-icon landscape'>\n\t\t\t\t<a href='https:\/\/skog.pl\/en\/dr9_66m2\/dr9_66m2_2\/'><img loading=\"lazy\" decoding=\"async\" width=\"150\" height=\"150\" src=\"https:\/\/skog.pl\/wp-content\/uploads\/2022\/03\/dr9_66m2_2-150x150.jpg\" class=\"attachment-thumbnail size-thumbnail\" alt=\"Projekt mieszkania dla m\u0142odej pary. Skog Interior design \u0141\u00f3d\u017a Poland. Projektowanie wn\u0119trz.\" aria-describedby=\"gallery-1-755\" \/><\/a>\n\t\t\t<\/dt>\n\t\t\t\t<dd class='wp-caption-text gallery-caption' id='gallery-1-755'>\n\t\t\t\tSypialnia\n\t\t\t\t<\/dd><\/dl><dl class='gallery-item'>\n\t\t\t<dt class='gallery-icon landscape'>\n\t\t\t\t<a href='https:\/\/skog.pl\/en\/dr9_66m2\/dr9_66m2_1\/'><img loading=\"lazy\" decoding=\"async\" width=\"150\" height=\"150\" src=\"https:\/\/skog.pl\/wp-content\/uploads\/2022\/03\/dr9_66m2_1-150x150.jpg\" class=\"attachment-thumbnail size-thumbnail\" alt=\"Projekt mieszkania dla m\u0142odej pary. Skog Interior design \u0141\u00f3d\u017a Poland. Projektowanie wn\u0119trz.\" aria-describedby=\"gallery-1-754\" \/><\/a>\n\t\t\t<\/dt>\n\t\t\t\t<dd class='wp-caption-text gallery-caption' id='gallery-1-754'>\n\t\t\t\tSypialnia\n\t\t\t\t<\/dd><\/dl><dl class='gallery-item'>\n\t\t\t<dt class='gallery-icon landscape'>\n\t\t\t\t<a href='https:\/\/skog.pl\/en\/dr9_66m2\/dr9_66m2_21_moodboard\/'><img loading=\"lazy\" decoding=\"async\" width=\"150\" height=\"150\" src=\"https:\/\/skog.pl\/wp-content\/uploads\/2022\/03\/dr9_66m2_21_moodboard-150x150.jpg\" class=\"attachment-thumbnail size-thumbnail\" alt=\"Projekt mieszkania dla m\u0142odej pary. Skog Interior design \u0141\u00f3d\u017a Poland. Projektowanie wn\u0119trz.\" aria-describedby=\"gallery-1-774\" \/><\/a>\n\t\t\t<\/dt>\n\t\t\t\t<dd class='wp-caption-text gallery-caption' id='gallery-1-774'>\n\t\t\t\tMoodboard\n\t\t\t\t<\/dd><\/dl><br style=\"clear: both\" \/><dl class='gallery-item'>\n\t\t\t<dt class='gallery-icon landscape'>\n\t\t\t\t<a href='https:\/\/skog.pl\/en\/dr9_66m2\/dr9_66m2_22_rzut\/'><img loading=\"lazy\" decoding=\"async\" width=\"150\" height=\"150\" src=\"https:\/\/skog.pl\/wp-content\/uploads\/2022\/03\/dr9_66m2_22_rzut-150x150.jpg\" class=\"attachment-thumbnail size-thumbnail\" alt=\"Projekt mieszkania dla m\u0142odej pary. Skog Interior design \u0141\u00f3d\u017a Poland. Projektowanie wn\u0119trz.\" aria-describedby=\"gallery-1-775\" \/><\/a>\n\t\t\t<\/dt>\n\t\t\t\t<dd class='wp-caption-text gallery-caption' id='gallery-1-775'>\n\t\t\t\tRzut aran\u017cacyjny\n\t\t\t\t<\/dd><\/dl>\n\t\t\t<br style='clear: both' \/>\n\t\t<\/div>\n<\/div>","protected":false},"excerpt":{"rendered":"","protected":false},"author":1,"featured_media":770,"parent":0,"menu_order":0,"comment_status":"closed","ping_status":"closed","template":"","meta":{"footnotes":""},"_links":{"self":[{"href":"https:\/\/skog.pl\/en\/wp-json\/wp\/v2\/pages\/753"}],"collection":[{"href":"https:\/\/skog.pl\/en\/wp-json\/wp\/v2\/pages"}],"about":[{"href":"https:\/\/skog.pl\/en\/wp-json\/wp\/v2\/types\/page"}],"author":[{"embeddable":true,"href":"https:\/\/skog.pl\/en\/wp-json\/wp\/v2\/users\/1"}],"replies":[{"embeddable":true,"href":"https:\/\/skog.pl\/en\/wp-json\/wp\/v2\/comments?post=753"}],"version-history":[{"count":8,"href":"https:\/\/skog.pl\/en\/wp-json\/wp\/v2\/pages\/753\/revisions"}],"predecessor-version":[{"id":966,"href":"https:\/\/skog.pl\/en\/wp-json\/wp\/v2\/pages\/753\/revisions\/966"}],"wp:featuredmedia":[{"embeddable":true,"href":"https:\/\/skog.pl\/en\/wp-json\/wp\/v2\/media\/770"}],"wp:attachment":[{"href":"https:\/\/skog.pl\/en\/wp-json\/wp\/v2\/media?parent=753"}],"curies":[{"name":"wp","href":"https:\/\/api.w.org\/{rel}","templated":true}]}}