{"id":783,"date":"2022-03-06T18:05:48","date_gmt":"2022-03-06T18:05:48","guid":{"rendered":"https:\/\/skog.pl\/?page_id=783"},"modified":"2023-12-29T13:53:18","modified_gmt":"2023-12-29T13:53:18","slug":"dwukolorowa-kuchnia-12m%c2%b2","status":"publish","type":"page","link":"https:\/\/skog.pl\/en\/dwukolorowa-kuchnia-12m%c2%b2\/","title":{"rendered":"Dwukolorowa kuchnia (12 m2, Warszawa)"},"content":{"rendered":"<div class=\"wp-block-dgwt-justified-gallery\">\n\t\t<style type=\"text\/css\">\n\t\t\t#gallery-1 {\n\t\t\t\tmargin: auto;\n\t\t\t}\n\t\t\t#gallery-1 .gallery-item {\n\t\t\t\tfloat: left;\n\t\t\t\tmargin-top: 10px;\n\t\t\t\ttext-align: center;\n\t\t\t\twidth: 33%;\n\t\t\t}\n\t\t\t#gallery-1 img {\n\t\t\t\tborder: 2px solid #cfcfcf;\n\t\t\t}\n\t\t\t#gallery-1 .gallery-caption {\n\t\t\t\tmargin-left: 0;\n\t\t\t}\n\t\t\t\/* see gallery_shortcode() in wp-includes\/media.php *\/\n\t\t<\/style>\n\t\t<div id='gallery-1' class='gallery galleryid-783 gallery-columns-3 gallery-size-thumbnail'><dl class='gallery-item'>\n\t\t\t<dt class='gallery-icon landscape'>\n\t\t\t\t<a href='https:\/\/skog.pl\/en\/projekty\/skog_kuchnia_dwukolorowa_2\/'><img loading=\"lazy\" decoding=\"async\" width=\"150\" height=\"150\" src=\"https:\/\/skog.pl\/wp-content\/uploads\/2021\/05\/skog_kuchnia_dwukolorowa_2-150x150.jpg\" class=\"attachment-thumbnail size-thumbnail\" alt=\"Projekt kuchni. Skog Interior design \u0141\u00f3d\u017a Poland. Projektowanie wn\u0119trz.\" aria-describedby=\"gallery-1-702\" \/><\/a>\n\t\t\t<\/dt>\n\t\t\t\t<dd class='wp-caption-text gallery-caption' id='gallery-1-702'>\n\t\t\t\tKuchnia\n\t\t\t\t<\/dd><\/dl><dl class='gallery-item'>\n\t\t\t<dt class='gallery-icon landscape'>\n\t\t\t\t<a href='https:\/\/skog.pl\/en\/skog_kuchnia_dwukolorowa_1\/'><img loading=\"lazy\" decoding=\"async\" width=\"150\" height=\"150\" src=\"https:\/\/skog.pl\/wp-content\/uploads\/2021\/05\/skog_kuchnia_dwukolorowa_1-150x150.jpg\" class=\"attachment-thumbnail size-thumbnail\" alt=\"Projekt kuchni. Skog Interior design \u0141\u00f3d\u017a Poland. Projektowanie wn\u0119trz.\" aria-describedby=\"gallery-1-701\" \/><\/a>\n\t\t\t<\/dt>\n\t\t\t\t<dd class='wp-caption-text gallery-caption' id='gallery-1-701'>\n\t\t\t\tKuchnia\n\t\t\t\t<\/dd><\/dl><dl class='gallery-item'>\n\t\t\t<dt class='gallery-icon landscape'>\n\t\t\t\t<a href='https:\/\/skog.pl\/en\/skog_kuchnia_dwukolorowa_6\/'><img loading=\"lazy\" decoding=\"async\" width=\"150\" height=\"150\" src=\"https:\/\/skog.pl\/wp-content\/uploads\/2021\/05\/skog_kuchnia_dwukolorowa_6-150x150.jpg\" class=\"attachment-thumbnail size-thumbnail\" alt=\"Projekt kuchni. Skog Interior design \u0141\u00f3d\u017a Poland. Projektowanie wn\u0119trz.\" aria-describedby=\"gallery-1-706\" \/><\/a>\n\t\t\t<\/dt>\n\t\t\t\t<dd class='wp-caption-text gallery-caption' id='gallery-1-706'>\n\t\t\t\tKuchnia\n\t\t\t\t<\/dd><\/dl><br style=\"clear: both\" \/><dl class='gallery-item'>\n\t\t\t<dt class='gallery-icon landscape'>\n\t\t\t\t<a href='https:\/\/skog.pl\/en\/skog_kuchnia_dwukolorowa_5\/'><img loading=\"lazy\" decoding=\"async\" width=\"150\" height=\"150\" src=\"https:\/\/skog.pl\/wp-content\/uploads\/2021\/05\/skog_kuchnia_dwukolorowa_5-150x150.jpg\" class=\"attachment-thumbnail size-thumbnail\" alt=\"Projekt kuchni. Skog Interior design \u0141\u00f3d\u017a Poland. Projektowanie wn\u0119trz.\" aria-describedby=\"gallery-1-705\" \/><\/a>\n\t\t\t<\/dt>\n\t\t\t\t<dd class='wp-caption-text gallery-caption' id='gallery-1-705'>\n\t\t\t\tKuchnia\n\t\t\t\t<\/dd><\/dl><dl class='gallery-item'>\n\t\t\t<dt class='gallery-icon landscape'>\n\t\t\t\t<a href='https:\/\/skog.pl\/en\/skog_kuchnia_dwukolorowa_4\/'><img loading=\"lazy\" decoding=\"async\" width=\"150\" height=\"150\" src=\"https:\/\/skog.pl\/wp-content\/uploads\/2021\/05\/skog_kuchnia_dwukolorowa_4-150x150.jpg\" class=\"attachment-thumbnail size-thumbnail\" alt=\"Projekt kuchni. Skog Interior design \u0141\u00f3d\u017a Poland. Projektowanie wn\u0119trz.\" aria-describedby=\"gallery-1-704\" \/><\/a>\n\t\t\t<\/dt>\n\t\t\t\t<dd class='wp-caption-text gallery-caption' id='gallery-1-704'>\n\t\t\t\tKuchnia\n\t\t\t\t<\/dd><\/dl><dl class='gallery-item'>\n\t\t\t<dt class='gallery-icon landscape'>\n\t\t\t\t<a href='https:\/\/skog.pl\/en\/skog_kuchnia_dwukolorowa_3\/'><img loading=\"lazy\" decoding=\"async\" width=\"150\" height=\"150\" src=\"https:\/\/skog.pl\/wp-content\/uploads\/2021\/05\/skog_kuchnia_dwukolorowa_3-150x150.jpg\" class=\"attachment-thumbnail size-thumbnail\" alt=\"Projekt kuchni. Skog Interior design \u0141\u00f3d\u017a Poland. Projektowanie wn\u0119trz.\" aria-describedby=\"gallery-1-703\" \/><\/a>\n\t\t\t<\/dt>\n\t\t\t\t<dd class='wp-caption-text gallery-caption' id='gallery-1-703'>\n\t\t\t\tKuchnia\n\t\t\t\t<\/dd><\/dl><br style=\"clear: both\" \/>\n\t\t<\/div>\n<\/div>","protected":false},"excerpt":{"rendered":"","protected":false},"author":1,"featured_media":701,"parent":0,"menu_order":0,"comment_status":"closed","ping_status":"closed","template":"","meta":{"footnotes":""},"_links":{"self":[{"href":"https:\/\/skog.pl\/en\/wp-json\/wp\/v2\/pages\/783"}],"collection":[{"href":"https:\/\/skog.pl\/en\/wp-json\/wp\/v2\/pages"}],"about":[{"href":"https:\/\/skog.pl\/en\/wp-json\/wp\/v2\/types\/page"}],"author":[{"embeddable":true,"href":"https:\/\/skog.pl\/en\/wp-json\/wp\/v2\/users\/1"}],"replies":[{"embeddable":true,"href":"https:\/\/skog.pl\/en\/wp-json\/wp\/v2\/comments?post=783"}],"version-history":[{"count":11,"href":"https:\/\/skog.pl\/en\/wp-json\/wp\/v2\/pages\/783\/revisions"}],"predecessor-version":[{"id":1319,"href":"https:\/\/skog.pl\/en\/wp-json\/wp\/v2\/pages\/783\/revisions\/1319"}],"wp:featuredmedia":[{"embeddable":true,"href":"https:\/\/skog.pl\/en\/wp-json\/wp\/v2\/media\/701"}],"wp:attachment":[{"href":"https:\/\/skog.pl\/en\/wp-json\/wp\/v2\/media?parent=783"}],"curies":[{"name":"wp","href":"https:\/\/api.w.org\/{rel}","templated":true}]}}